{"id":61196,"date":"2022-08-02T11:22:42","date_gmt":"2022-08-02T16:22:42","guid":{"rendered":"https:\/\/brettyoung.ca\/product\/turfrx-naturecur\/"},"modified":"2025-01-19T20:19:09","modified_gmt":"2025-01-20T02:19:09","slug":"turfrx-naturecur","status":"publish","type":"product","link":"https:\/\/brettyoung.ca\/fr\/product\/turfrx-naturecur\/","title":{"rendered":"TurfRx NatureCur"},"content":{"rendered":"<p>          <strong>UTILISATION DU PRODUIT<\/strong><\/p>\n<table width=\"747\">\n<tbody>\n<tr>\n<td width=\"245\"><strong>Utilisation<\/strong><\/td>\n<td width=\"251\"><strong>Taux <\/strong>(par <sup>1000ft2<\/sup>)<\/td>\n<td width=\"251\"><strong>Intervalle d&rsquo;application<\/strong><\/td>\n<\/tr>\n<tr>\n<td width=\"245\">D\u00e9fense contre le stress abiotique<\/td>\n<td width=\"251\">1.5-22 oz<\/td>\n<td width=\"251\">1-4 semaines<\/td>\n<\/tr>\n<tr>\n<td width=\"245\">D\u00e9veloppement des racines<\/td>\n<td width=\"251\">0,75-6 oz<\/td>\n<td width=\"251\">1-4 semaines<\/td>\n<\/tr>\n<tr>\n<td width=\"245\">Sant\u00e9 du sol<\/td>\n<td width=\"251\">1,5-22 oz<\/td>\n<td width=\"251\">1-4 semaines<\/td>\n<\/tr>\n<tr>\n<td width=\"245\">A\u00e9ration<\/td>\n<td width=\"251\">1,5-9 oz<\/td>\n<td width=\"251\">Avant et apr\u00e8s l&rsquo;a\u00e9ration<\/td>\n<\/tr>\n<\/tbody>\n<\/table>\n","protected":false},"excerpt":{"rendered":"<ul>\n<li>Produit cl\u00e9 pour le d\u00e9veloppement des racines<\/li>\n<li>Am\u00e9liore la performance estivale des programmes Redox<\/li>\n<li>R\u00e9duit le stress des plantes gr\u00e2ce \u00e0 la nutrition<\/li>\n<\/ul>\n","protected":false},"featured_media":55842,"template":"","meta":{"_themeisle_gutenberg_block_has_review":false},"product_brand":[],"product_cat":[2333,2216,2334],"product_tag":[],"class_list":{"0":"post-61196","1":"product","2":"type-product","3":"status-publish","4":"has-post-thumbnail","6":"product_cat-engrais-fr","7":"product_cat-gazon-professionnel-et-remise-en-etat-fr","8":"product_cat-liquide-fr","10":"first","11":"instock","12":"shipping-taxable","13":"product-type-simple","14":"customify-col"},"_links":{"self":[{"href":"https:\/\/brettyoung.ca\/fr\/wp-json\/wp\/v2\/product\/61196","targetHints":{"allow":["GET"]}}],"collection":[{"href":"https:\/\/brettyoung.ca\/fr\/wp-json\/wp\/v2\/product"}],"about":[{"href":"https:\/\/brettyoung.ca\/fr\/wp-json\/wp\/v2\/types\/product"}],"wp:featuredmedia":[{"embeddable":true,"href":"https:\/\/brettyoung.ca\/fr\/wp-json\/wp\/v2\/media\/55842"}],"wp:attachment":[{"href":"https:\/\/brettyoung.ca\/fr\/wp-json\/wp\/v2\/media?parent=61196"}],"wp:term":[{"taxonomy":"product_brand","embeddable":true,"href":"https:\/\/brettyoung.ca\/fr\/wp-json\/wp\/v2\/product_brand?post=61196"},{"taxonomy":"product_cat","embeddable":true,"href":"https:\/\/brettyoung.ca\/fr\/wp-json\/wp\/v2\/product_cat?post=61196"},{"taxonomy":"product_tag","embeddable":true,"href":"https:\/\/brettyoung.ca\/fr\/wp-json\/wp\/v2\/product_tag?post=61196"}],"curies":[{"name":"wp","href":"https:\/\/api.w.org\/{rel}","templated":true}]}}