{"id":61194,"date":"2022-08-02T11:07:59","date_gmt":"2022-08-02T16:07:59","guid":{"rendered":"https:\/\/brettyoung.ca\/product\/turfrx-k-micro-crystal\/"},"modified":"2025-01-19T20:18:37","modified_gmt":"2025-01-20T02:18:37","slug":"turfrx-k-micro-crystal","status":"publish","type":"product","link":"https:\/\/brettyoung.ca\/fr\/product\/turfrx-k-micro-crystal\/","title":{"rendered":"TurfRx K+ Micro Crystal"},"content":{"rendered":"<p>          <strong>UTILISATION DU PRODUIT<\/strong><\/p>\n<table width=\"747\">\n<tbody>\n<tr>\n<td width=\"245\"><strong>Utilisation<\/strong><\/td>\n<td width=\"251\"><strong>Taux <\/strong>(par ac)<\/td>\n<td width=\"251\"><strong>Intervalle d&rsquo;application<\/strong><\/td>\n<\/tr>\n<tr>\n<td width=\"245\">Stress thermique<\/td>\n<td width=\"251\">2-6 livres<\/td>\n<td width=\"251\">1-4 semaines<\/td>\n<\/tr>\n<tr>\n<td width=\"245\">Nutrition des plantes<\/td>\n<td width=\"251\">1-6 livres<\/td>\n<td width=\"251\">1-4 semaines<\/td>\n<\/tr>\n<tr>\n<td width=\"245\">Couleur<\/td>\n<td width=\"251\">1-4 livres<\/td>\n<td width=\"251\">1-4 semaines<\/td>\n<\/tr>\n<tr>\n<td width=\"245\">D\u00e9fense contre le stress abiotique<\/td>\n<td width=\"251\">2-6 livres<\/td>\n<td width=\"251\">1-4 semaines<\/td>\n<\/tr>\n<tr>\n<td width=\"245\">L&rsquo;endurcissement de l&rsquo;automne<\/td>\n<td width=\"251\">3-6 livres<\/td>\n<td width=\"251\">1-4 semaines<\/td>\n<\/tr>\n<\/tbody>\n<\/table>\n","protected":false},"excerpt":{"rendered":"<ul>\n<li>Source de potassium et de phosphore \u00e0 haute efficacit\u00e9<\/li>\n<li>R\u00e9duit le stress oxydatif dans la plante<\/li>\n<li>Id\u00e9al pour le stress des plantes en \u00e9t\u00e9 et en automne<\/li>\n<\/ul>\n","protected":false},"featured_media":54138,"template":"","meta":{"_themeisle_gutenberg_block_has_review":false},"product_brand":[],"product_cat":[2333,2349,2216,2334],"product_tag":[],"class_list":{"0":"post-61194","1":"product","2":"type-product","3":"status-publish","4":"has-post-thumbnail","6":"product_cat-engrais-fr","7":"product_cat-engrais-de-recuperation-fr","8":"product_cat-gazon-professionnel-et-remise-en-etat-fr","9":"product_cat-liquide-fr","11":"first","12":"instock","13":"shipping-taxable","14":"product-type-simple","15":"customify-col"},"_links":{"self":[{"href":"https:\/\/brettyoung.ca\/fr\/wp-json\/wp\/v2\/product\/61194","targetHints":{"allow":["GET"]}}],"collection":[{"href":"https:\/\/brettyoung.ca\/fr\/wp-json\/wp\/v2\/product"}],"about":[{"href":"https:\/\/brettyoung.ca\/fr\/wp-json\/wp\/v2\/types\/product"}],"wp:featuredmedia":[{"embeddable":true,"href":"https:\/\/brettyoung.ca\/fr\/wp-json\/wp\/v2\/media\/54138"}],"wp:attachment":[{"href":"https:\/\/brettyoung.ca\/fr\/wp-json\/wp\/v2\/media?parent=61194"}],"wp:term":[{"taxonomy":"product_brand","embeddable":true,"href":"https:\/\/brettyoung.ca\/fr\/wp-json\/wp\/v2\/product_brand?post=61194"},{"taxonomy":"product_cat","embeddable":true,"href":"https:\/\/brettyoung.ca\/fr\/wp-json\/wp\/v2\/product_cat?post=61194"},{"taxonomy":"product_tag","embeddable":true,"href":"https:\/\/brettyoung.ca\/fr\/wp-json\/wp\/v2\/product_tag?post=61194"}],"curies":[{"name":"wp","href":"https:\/\/api.w.org\/{rel}","templated":true}]}}