{"id":61193,"date":"2021-11-12T16:08:40","date_gmt":"2021-11-12T22:08:40","guid":{"rendered":"https:\/\/brettyoung.ca\/product\/turfrx-platinum\/"},"modified":"2025-01-19T20:18:28","modified_gmt":"2025-01-20T02:18:28","slug":"turfrx-platinum","status":"publish","type":"product","link":"https:\/\/brettyoung.ca\/fr\/product\/turfrx-platinum\/","title":{"rendered":"TurfRx Platinum"},"content":{"rendered":"<table class=\"tableizer-table aligncenter\" style=\"height: 185px; width: 1339px;\">\n<thead>\n<tr class=\"tableizer-firstrow\" style=\"height: 23px;\">\n<th style=\"width: 175px; height: 11px;\">Utilisation du produit<\/th>\n<td style=\"width: 242px; height: 11px;\"><\/td>\n<td style=\"width: 211px; height: 11px;\"><\/td>\n<\/tr>\n<\/thead>\n<tbody>\n<tr>\n<td style=\"width: 175px;\"><strong>Utilisation<\/strong><\/td>\n<td style=\"width: 242px;\"><strong>Taux <\/strong>(par 1000 <sup>pi2<\/sup>)<\/td>\n<td style=\"width: 211px;\"><strong>Intervalle d&rsquo;application<\/strong><\/td>\n<\/tr>\n<tr>\n<td style=\"width: 175px;\">Performance du gazon<\/td>\n<td style=\"width: 242px;\">1,5-9 oz<\/td>\n<td style=\"width: 211px;\">1-6 semaines<\/td>\n<\/tr>\n<tr>\n<td style=\"width: 175px;\">Taille de la culture<\/td>\n<td style=\"width: 242px;\">1,5-9 oz<\/td>\n<td style=\"width: 211px;\">2 -5 semaines<\/td>\n<\/tr>\n<tr>\n<td style=\"width: 175px;\">A\u00e9ration<\/td>\n<td style=\"width: 242px;\">1,5-9 oz<\/td>\n<td style=\"width: 211px;\">&#8211;<\/td>\n<\/tr>\n<tr>\n<td style=\"width: 175px;\">D\u00e9fense contre le stress abiotique<\/td>\n<td style=\"width: 242px;\">1.5-9 oz<\/td>\n<td style=\"width: 211px;\">1-6 semaines<\/td>\n<\/tr>\n<tr>\n<td style=\"width: 175px;\">Stress thermique<\/td>\n<td style=\"width: 242px;\">1,5-9 oz<\/td>\n<td style=\"width: 211px;\">1-6 semaines<\/td>\n<\/tr>\n<tr>\n<td style=\"width: 175px;\">R\u00e9duction du chaume<\/td>\n<td style=\"width: 242px;\">1,5-9 oz<\/td>\n<td style=\"width: 211px;\">1-6 semaines<\/td>\n<\/tr>\n<tr>\n<td style=\"width: 175px;\">D\u00e9veloppement des racines<\/td>\n<td style=\"width: 242px;\">1,5-9 oz<\/td>\n<td style=\"width: 211px;\">1-6 semaines<\/td>\n<\/tr>\n<\/tbody>\n<\/table>\n<table class=\"tableizer-table aligncenter\" style=\"height: 185px; width: 1339px;\" width=\"1339\">\n<thead>\n<tr class=\"tableizer-firstrow\" style=\"height: 23px;\">\n<th style=\"width: 193px; height: 11px;\">Analyse<\/th>\n<td style=\"width: 171px; height: 11px;\"><\/td>\n<\/tr>\n<\/thead>\n<tbody>\n<tr style=\"height: 51px;\">\n<td style=\"width: 193px; height: 51px;\">Azote total (N)<\/td>\n<td style=\"width: 171px; height: 51px;\">1%<\/td>\n<\/tr>\n<tr style=\"height: 51px;\">\n<td style=\"width: 193px; height: 51px;\"> Azote ammoniacal<\/td>\n<td style=\"width: 171px; height: 51px;\">0.25%<\/td>\n<\/tr>\n<tr style=\"height: 51px;\">\n<td style=\"width: 193px; height: 51px;\"> Azote insoluble dans l&rsquo;eau<\/td>\n<td style=\"width: 171px; height: 51px;\">0.25%<\/td>\n<\/tr>\n<tr style=\"height: 51px;\">\n<td style=\"width: 193px; height: 51px;\"> Azote d&rsquo;ur\u00e9e<\/td>\n<td style=\"width: 171px; height: 51px;\">0.5%<\/td>\n<\/tr>\n<tr style=\"height: 51px;\">\n<td style=\"width: 193px; height: 51px;\">Phosphate disponible (P2O5)<\/td>\n<td style=\"width: 171px; height: 51px;\">7%<\/td>\n<\/tr>\n<tr style=\"height: 51px;\">\n<td style=\"width: 193px; height: 51px;\">Potasse soluble (K2O)<\/td>\n<td style=\"width: 171px; height: 51px;\">12%<\/td>\n<\/tr>\n<tr style=\"height: 51px;\">\n<td style=\"width: 193px; height: 51px;\">\n                  <strong>CONTIENT \u00c9GALEMENT DES INGR\u00c9DIENTS ALIMENTAIRES NON V\u00c9G\u00c9TAUX<\/strong>\n                <\/td>\n<td style=\"width: 171px; height: 51px;\"><\/td>\n<\/tr>\n<tr style=\"height: 51px;\">\n<td style=\"width: 193px; height: 51px;\">Acide humique<\/td>\n<td style=\"width: 171px; height: 51px;\">2%<\/td>\n<\/tr>\n<\/tbody>\n<\/table>\n<h3 style=\"text-align: center;\"><\/h3>\n","protected":false},"excerpt":{"rendered":"<ul>\n<li>Augmente le d\u00e9veloppement des racines, la diversit\u00e9 microbienne et la respiration<\/li>\n<li>Am\u00e9liore la disponibilit\u00e9 du phosphore et du potassium dans le sol<\/li>\n<li>Am\u00e9liore la diversit\u00e9 microbienne gr\u00e2ce \u00e0 des compos\u00e9s carbon\u00e9s \u00e0 cha\u00eene courte, moyenne et longue<\/li>\n<\/ul>\n","protected":false},"featured_media":56100,"template":"","meta":{"_themeisle_gutenberg_block_has_review":false},"product_brand":[],"product_cat":[2333,2216,2334],"product_tag":[],"class_list":{"0":"post-61193","1":"product","2":"type-product","3":"status-publish","4":"has-post-thumbnail","6":"product_cat-engrais-fr","7":"product_cat-gazon-professionnel-et-remise-en-etat-fr","8":"product_cat-liquide-fr","10":"first","11":"instock","12":"shipping-taxable","13":"product-type-simple","14":"customify-col"},"_links":{"self":[{"href":"https:\/\/brettyoung.ca\/fr\/wp-json\/wp\/v2\/product\/61193","targetHints":{"allow":["GET"]}}],"collection":[{"href":"https:\/\/brettyoung.ca\/fr\/wp-json\/wp\/v2\/product"}],"about":[{"href":"https:\/\/brettyoung.ca\/fr\/wp-json\/wp\/v2\/types\/product"}],"wp:featuredmedia":[{"embeddable":true,"href":"https:\/\/brettyoung.ca\/fr\/wp-json\/wp\/v2\/media\/56100"}],"wp:attachment":[{"href":"https:\/\/brettyoung.ca\/fr\/wp-json\/wp\/v2\/media?parent=61193"}],"wp:term":[{"taxonomy":"product_brand","embeddable":true,"href":"https:\/\/brettyoung.ca\/fr\/wp-json\/wp\/v2\/product_brand?post=61193"},{"taxonomy":"product_cat","embeddable":true,"href":"https:\/\/brettyoung.ca\/fr\/wp-json\/wp\/v2\/product_cat?post=61193"},{"taxonomy":"product_tag","embeddable":true,"href":"https:\/\/brettyoung.ca\/fr\/wp-json\/wp\/v2\/product_tag?post=61193"}],"curies":[{"name":"wp","href":"https:\/\/api.w.org\/{rel}","templated":true}]}}