{"id":61192,"date":"2022-08-02T12:34:21","date_gmt":"2022-08-02T17:34:21","guid":{"rendered":"https:\/\/brettyoung.ca\/product\/turfrx-micro\/"},"modified":"2025-01-19T20:18:25","modified_gmt":"2025-01-20T02:18:25","slug":"turfrx-micro","status":"publish","type":"product","link":"https:\/\/brettyoung.ca\/fr\/product\/turfrx-micro\/","title":{"rendered":"TurfRx Micro+"},"content":{"rendered":"<p>          <strong>UTILISATION DU PRODUIT<\/strong><\/p>\n<table width=\"747\">\n<tbody>\n<tr>\n<td width=\"245\"><strong>Utilisation<\/strong><\/td>\n<td width=\"251\"><strong>Taux <\/strong>(par <sup>1000ft2<\/sup>)<\/td>\n<td width=\"251\"><strong>Intervalle d&rsquo;application<\/strong><\/td>\n<\/tr>\n<tr>\n<td width=\"245\">Nutrition des plantes<\/td>\n<td width=\"251\">0,375-3 oz<\/td>\n<td width=\"251\">1-4 semaines<\/td>\n<\/tr>\n<tr>\n<td width=\"245\">Couleur<\/td>\n<td width=\"251\">0,375-3 oz<\/td>\n<td width=\"251\">1-4 semaines<\/td>\n<\/tr>\n<\/tbody>\n<\/table>\n","protected":false},"excerpt":{"rendered":"<ul>\n<li>Am\u00e9liore l&rsquo;absorption des micronutriments gr\u00e2ce \u00e0 la ch\u00e9lation des acides amin\u00e9s L<\/li>\n<li>Am\u00e9liore le m\u00e9tabolisme de l&rsquo;azote<\/li>\n<li>Contient du carbone soluble<\/li>\n<\/ul>\n","protected":false},"featured_media":55841,"template":"","meta":{"_themeisle_gutenberg_block_has_review":false},"product_brand":[],"product_cat":[2333,2349,2216,2334],"product_tag":[],"class_list":{"0":"post-61192","1":"product","2":"type-product","3":"status-publish","4":"has-post-thumbnail","6":"product_cat-engrais-fr","7":"product_cat-engrais-de-recuperation-fr","8":"product_cat-gazon-professionnel-et-remise-en-etat-fr","9":"product_cat-liquide-fr","11":"first","12":"instock","13":"shipping-taxable","14":"product-type-simple","15":"customify-col"},"_links":{"self":[{"href":"https:\/\/brettyoung.ca\/fr\/wp-json\/wp\/v2\/product\/61192","targetHints":{"allow":["GET"]}}],"collection":[{"href":"https:\/\/brettyoung.ca\/fr\/wp-json\/wp\/v2\/product"}],"about":[{"href":"https:\/\/brettyoung.ca\/fr\/wp-json\/wp\/v2\/types\/product"}],"wp:featuredmedia":[{"embeddable":true,"href":"https:\/\/brettyoung.ca\/fr\/wp-json\/wp\/v2\/media\/55841"}],"wp:attachment":[{"href":"https:\/\/brettyoung.ca\/fr\/wp-json\/wp\/v2\/media?parent=61192"}],"wp:term":[{"taxonomy":"product_brand","embeddable":true,"href":"https:\/\/brettyoung.ca\/fr\/wp-json\/wp\/v2\/product_brand?post=61192"},{"taxonomy":"product_cat","embeddable":true,"href":"https:\/\/brettyoung.ca\/fr\/wp-json\/wp\/v2\/product_cat?post=61192"},{"taxonomy":"product_tag","embeddable":true,"href":"https:\/\/brettyoung.ca\/fr\/wp-json\/wp\/v2\/product_tag?post=61192"}],"curies":[{"name":"wp","href":"https:\/\/api.w.org\/{rel}","templated":true}]}}