{"id":61190,"date":"2022-08-02T11:30:55","date_gmt":"2022-08-02T16:30:55","guid":{"rendered":"https:\/\/brettyoung.ca\/product\/turfrx-oxycal\/"},"modified":"2025-06-25T13:37:46","modified_gmt":"2025-06-25T18:37:46","slug":"turfrx-oxycal","status":"publish","type":"product","link":"https:\/\/brettyoung.ca\/fr\/product\/turfrx-oxycal\/","title":{"rendered":"TurfRx OxyCal"},"content":{"rendered":"<p><strong>UTILISATION DU PRODUIT<\/strong><\/p>\n<table width=\"747\">\n<tbody>\n<tr>\n<td width=\"245\"><strong>Utilisation<\/strong><\/td>\n<td width=\"251\"><strong>Taux <\/strong>(par ac)<\/td>\n<td width=\"251\"><strong>Intervalle d&rsquo;application<\/strong><\/td>\n<\/tr>\n<tr>\n<td width=\"245\">D\u00e9fense contre le stress abiotique<\/td>\n<td width=\"251\">3-10 livres<\/td>\n<td width=\"251\">1-2 semaines<\/td>\n<\/tr>\n<tr>\n<td width=\"245\">Stress thermique<\/td>\n<td width=\"251\">3-10 livres<\/td>\n<td width=\"251\">1-2 semaines<\/td>\n<\/tr>\n<tr>\n<td width=\"245\">R\u00e9cup\u00e9ration du gazon<\/td>\n<td width=\"251\">3-10 livres<\/td>\n<td width=\"251\">1-2 semaines<\/td>\n<\/tr>\n<tr>\n<td width=\"245\">Couleur<\/td>\n<td width=\"251\">3-10 lbs<\/td>\n<td width=\"251\">1-2 semaines<\/td>\n<\/tr>\n<tr>\n<td width=\"245\">A\u00e9ration<\/td>\n<td width=\"251\">3-12 lbs<\/td>\n<td width=\"251\">Avant et apr\u00e8s l&rsquo;a\u00e9ration<\/td>\n<\/tr>\n<\/tbody>\n<\/table>\n","protected":false},"excerpt":{"rendered":"<ul>\n<li>Alimentation en potassium, oxyg\u00e8ne et calcium hautement disponibles<\/li>\n<li>B\u00e9n\u00e9fices flexibles gr\u00e2ce aux applications foliaires ou au sol<\/li>\n<li>B\u00e9n\u00e9fique pour un large \u00e9ventail de probl\u00e8mes de stress<\/li>\n<\/ul>\n","protected":false},"featured_media":60963,"template":"","meta":{"_themeisle_gutenberg_block_has_review":false},"product_brand":[],"product_cat":[2333,2216,2334],"product_tag":[],"class_list":{"0":"post-61190","1":"product","2":"type-product","3":"status-publish","4":"has-post-thumbnail","6":"product_cat-engrais-fr","7":"product_cat-gazon-professionnel-et-remise-en-etat-fr","8":"product_cat-liquide-fr","10":"first","11":"instock","12":"shipping-taxable","13":"product-type-simple","14":"customify-col"},"_links":{"self":[{"href":"https:\/\/brettyoung.ca\/fr\/wp-json\/wp\/v2\/product\/61190","targetHints":{"allow":["GET"]}}],"collection":[{"href":"https:\/\/brettyoung.ca\/fr\/wp-json\/wp\/v2\/product"}],"about":[{"href":"https:\/\/brettyoung.ca\/fr\/wp-json\/wp\/v2\/types\/product"}],"wp:featuredmedia":[{"embeddable":true,"href":"https:\/\/brettyoung.ca\/fr\/wp-json\/wp\/v2\/media\/60963"}],"wp:attachment":[{"href":"https:\/\/brettyoung.ca\/fr\/wp-json\/wp\/v2\/media?parent=61190"}],"wp:term":[{"taxonomy":"product_brand","embeddable":true,"href":"https:\/\/brettyoung.ca\/fr\/wp-json\/wp\/v2\/product_brand?post=61190"},{"taxonomy":"product_cat","embeddable":true,"href":"https:\/\/brettyoung.ca\/fr\/wp-json\/wp\/v2\/product_cat?post=61190"},{"taxonomy":"product_tag","embeddable":true,"href":"https:\/\/brettyoung.ca\/fr\/wp-json\/wp\/v2\/product_tag?post=61190"}],"curies":[{"name":"wp","href":"https:\/\/api.w.org\/{rel}","templated":true}]}}