{"id":61189,"date":"2021-02-12T08:51:09","date_gmt":"2021-02-12T14:51:09","guid":{"rendered":"https:\/\/brettyoung.ca\/product\/phusion-manganese\/"},"modified":"2025-01-19T20:18:16","modified_gmt":"2025-01-20T02:18:16","slug":"phusion-manganese","status":"publish","type":"product","link":"https:\/\/brettyoung.ca\/fr\/product\/phusion-manganese\/","title":{"rendered":"pHusion Mangan\u00e8se"},"content":{"rendered":"<p>          <strong>UTILISATION DU PRODUIT<\/strong><\/p>\n<table width=\"747\">\n<tbody>\n<tr>\n<td width=\"245\"><strong>Utilisation<\/strong><\/td>\n<td width=\"251\"><strong>Taux <\/strong>(par 1000 <sup>pi2<\/sup>)<\/td>\n<td width=\"251\"><strong>Intervalle d&rsquo;application<\/strong><\/td>\n<\/tr>\n<tr>\n<td width=\"245\">Greens, Tees, et gazon fin<\/td>\n<td width=\"251\">2-3 oz<\/td>\n<td width=\"251\">&#8212;<\/td>\n<\/tr>\n<tr>\n<td width=\"245\">All\u00e9es, terrains accident\u00e9s, gazons sportifs et pelouses<\/td>\n<td width=\"251\">2-3 oz<\/td>\n<td width=\"251\">3-4 semaines<\/td>\n<\/tr>\n<\/tbody>\n<\/table>\n","protected":false},"excerpt":{"rendered":"<ul>\n<li>Ch\u00e9late acide pour une plus grande long\u00e9vit\u00e9<\/li>\n<li>Excellent produit pour les pH \u00e9lev\u00e9s et les bicarbonates \u00e9lev\u00e9s<\/li>\n<li>Le tissu obtenu est d&rsquo;un vert fonc\u00e9 \u00e9clatant.<\/li>\n<\/ul>\n","protected":false},"featured_media":53481,"template":"","meta":{"_themeisle_gutenberg_block_has_review":false},"product_brand":[],"product_cat":[2216,2334],"product_tag":[],"class_list":{"0":"post-61189","1":"product","2":"type-product","3":"status-publish","4":"has-post-thumbnail","6":"product_cat-gazon-professionnel-et-remise-en-etat-fr","7":"product_cat-liquide-fr","9":"first","10":"instock","11":"shipping-taxable","12":"product-type-simple","13":"customify-col"},"_links":{"self":[{"href":"https:\/\/brettyoung.ca\/fr\/wp-json\/wp\/v2\/product\/61189","targetHints":{"allow":["GET"]}}],"collection":[{"href":"https:\/\/brettyoung.ca\/fr\/wp-json\/wp\/v2\/product"}],"about":[{"href":"https:\/\/brettyoung.ca\/fr\/wp-json\/wp\/v2\/types\/product"}],"wp:featuredmedia":[{"embeddable":true,"href":"https:\/\/brettyoung.ca\/fr\/wp-json\/wp\/v2\/media\/53481"}],"wp:attachment":[{"href":"https:\/\/brettyoung.ca\/fr\/wp-json\/wp\/v2\/media?parent=61189"}],"wp:term":[{"taxonomy":"product_brand","embeddable":true,"href":"https:\/\/brettyoung.ca\/fr\/wp-json\/wp\/v2\/product_brand?post=61189"},{"taxonomy":"product_cat","embeddable":true,"href":"https:\/\/brettyoung.ca\/fr\/wp-json\/wp\/v2\/product_cat?post=61189"},{"taxonomy":"product_tag","embeddable":true,"href":"https:\/\/brettyoung.ca\/fr\/wp-json\/wp\/v2\/product_tag?post=61189"}],"curies":[{"name":"wp","href":"https:\/\/api.w.org\/{rel}","templated":true}]}}