{"id":61188,"date":"2022-08-02T12:29:51","date_gmt":"2022-08-02T17:29:51","guid":{"rendered":"https:\/\/brettyoung.ca\/product\/turfrx-xtraction\/"},"modified":"2025-01-19T20:18:18","modified_gmt":"2025-01-20T02:18:18","slug":"turfrx-xtraction","status":"publish","type":"product","link":"https:\/\/brettyoung.ca\/fr\/product\/turfrx-xtraction\/","title":{"rendered":"TurfRx Xtraction"},"content":{"rendered":"<p>          <strong>UTILISATION DU PRODUIT<\/strong><\/p>\n<table width=\"747\">\n<tbody>\n<tr>\n<td width=\"245\"><strong>Utilisation<\/strong><\/td>\n<td width=\"251\"><strong>Taux <\/strong>(par <sup>1000ft2<\/sup>)<\/td>\n<td width=\"251\"><strong>Intervalle d&rsquo;application<\/strong><\/td>\n<\/tr>\n<tr>\n<td width=\"245\">Sant\u00e9 du sol<\/td>\n<td width=\"251\">0,75-3 oz<\/td>\n<td width=\"251\">1-3 semaines<\/td>\n<\/tr>\n<tr>\n<td width=\"245\">R\u00e9tention d&rsquo;eau<\/td>\n<td width=\"251\">0,75-3 oz<\/td>\n<td width=\"251\">1-3 semaines<\/td>\n<\/tr>\n<tr>\n<td width=\"245\">R\u00e9duction du chaume<\/td>\n<td width=\"251\">0,75-3 oz<\/td>\n<td width=\"251\">1-3 semaines<\/td>\n<\/tr>\n<tr>\n<td width=\"245\">Efficacit\u00e9 de l&rsquo;azote<\/td>\n<td width=\"251\">0,75-3 oz<\/td>\n<td width=\"251\">1-3 semaines<\/td>\n<\/tr>\n<\/tbody>\n<\/table>\n","protected":false},"excerpt":{"rendered":"<ul>\n<li>Produit \u00e0 base de carbone soluble et hautement disponible<\/li>\n<li>Augmente l&rsquo;activit\u00e9 microbienne b\u00e9n\u00e9fique du sol<\/li>\n<li>Lib\u00e8re les \u00e9l\u00e9ments nutritifs du sol<\/li>\n<\/ul>\n","protected":false},"featured_media":56189,"template":"","meta":{"_themeisle_gutenberg_block_has_review":false},"product_brand":[],"product_cat":[2333,2216,2334],"product_tag":[],"class_list":{"0":"post-61188","1":"product","2":"type-product","3":"status-publish","4":"has-post-thumbnail","6":"product_cat-engrais-fr","7":"product_cat-gazon-professionnel-et-remise-en-etat-fr","8":"product_cat-liquide-fr","10":"first","11":"instock","12":"shipping-taxable","13":"product-type-simple","14":"customify-col"},"_links":{"self":[{"href":"https:\/\/brettyoung.ca\/fr\/wp-json\/wp\/v2\/product\/61188","targetHints":{"allow":["GET"]}}],"collection":[{"href":"https:\/\/brettyoung.ca\/fr\/wp-json\/wp\/v2\/product"}],"about":[{"href":"https:\/\/brettyoung.ca\/fr\/wp-json\/wp\/v2\/types\/product"}],"wp:featuredmedia":[{"embeddable":true,"href":"https:\/\/brettyoung.ca\/fr\/wp-json\/wp\/v2\/media\/56189"}],"wp:attachment":[{"href":"https:\/\/brettyoung.ca\/fr\/wp-json\/wp\/v2\/media?parent=61188"}],"wp:term":[{"taxonomy":"product_brand","embeddable":true,"href":"https:\/\/brettyoung.ca\/fr\/wp-json\/wp\/v2\/product_brand?post=61188"},{"taxonomy":"product_cat","embeddable":true,"href":"https:\/\/brettyoung.ca\/fr\/wp-json\/wp\/v2\/product_cat?post=61188"},{"taxonomy":"product_tag","embeddable":true,"href":"https:\/\/brettyoung.ca\/fr\/wp-json\/wp\/v2\/product_tag?post=61188"}],"curies":[{"name":"wp","href":"https:\/\/api.w.org\/{rel}","templated":true}]}}