{"id":61184,"date":"2021-02-11T11:43:38","date_gmt":"2021-02-11T17:43:38","guid":{"rendered":"https:\/\/brettyoung.ca\/product\/cicer-asclepiade\/"},"modified":"2025-01-19T20:18:01","modified_gmt":"2025-01-20T02:18:01","slug":"cicer-asclepiade","status":"publish","type":"product","link":"https:\/\/brettyoung.ca\/fr\/product\/cicer-asclepiade\/","title":{"rendered":"Cicer Ascl\u00e9piade"},"content":{"rendered":"<table class=\"tableizer-table aligncenter\" style=\"height: 373px; width: 100%;\" width=\"1339\">\n<thead>\n<tr class=\"tableizer-firstrow\" style=\"height: 23px;\">\n<th style=\"width: 12.2754%; height: 23px;\">Tableau des caract\u00e9ristiques<\/th>\n<td style=\"height: 23px; width: 7.85928%;\"><\/td>\n<\/tr>\n<\/thead>\n<tbody>\n<tr style=\"height: 23px;\">\n<td style=\"width: 12.2754%; height: 23px;\">Mode de croissance<\/td>\n<td style=\"width: 7.85928%; height: 23px;\">Rhizomateux<\/td>\n<\/tr>\n<tr style=\"height: 23px;\">\n<td style=\"width: 12.2754%; height: 23px;\">Tol\u00e9rance aux inondations<\/td>\n<td style=\"width: 7.85928%; height: 23px;\">Faible<\/td>\n<\/tr>\n<tr style=\"height: 23px;\">\n<td style=\"width: 12.2754%; height: 23px;\">Tol\u00e9rance \u00e0 la s\u00e9cheresse<\/td>\n<td style=\"width: 7.85928%; height: 23px;\">Bonne<\/td>\n<\/tr>\n<tr style=\"height: 23px;\">\n<td style=\"width: 12.2754%; height: 23px;\">Tol\u00e9rance au sel<\/td>\n<td style=\"width: 7.85928%; height: 23px;\">Juste<\/td>\n<\/tr>\n<tr style=\"height: 47px;\">\n<td style=\"width: 12.2754%; height: 47px;\">PH du sol<\/td>\n<td style=\"width: 7.85928%; height: 47px;\">6.0-8.1<\/td>\n<\/tr>\n<tr style=\"height: 95px;\">\n<td style=\"width: 12.2754%; height: 95px;\">Type de sol<\/td>\n<td style=\"width: 7.85928%; height: 95px;\">Mod\u00e9r\u00e9ment fin \u00e0 mod\u00e9r\u00e9ment grossier<\/td>\n<\/tr>\n<tr style=\"height: 23px;\">\n<td style=\"width: 12.2754%; height: 23px;\">Environ graines\/lb <\/td>\n<td style=\"width: 7.85928%; height: 23px;\">120,000<\/td>\n<\/tr>\n<tr style=\"height: 23px;\">\n<td style=\"width: 12.2754%; height: 23px;\">Hauteur de la canop\u00e9e \u00e0 maturit\u00e9<\/td>\n<td style=\"width: 7.85928%; height: 23px;\">Jusqu&rsquo;\u00e0 60 cm<\/td>\n<\/tr>\n<\/tbody>\n<\/table>\n<h3 style=\"text-align: center;\"><\/h3>\n","protected":false},"excerpt":{"rendered":"<ul>\n<li>L\u00e9gumineuse largement adapt\u00e9e<\/li>\n<li>Originaire d&rsquo;Europe de l&rsquo;Est, il a ensuite \u00e9t\u00e9 transport\u00e9 en Am\u00e9rique du Nord et en Am\u00e9rique du Sud.<\/li>\n<li>Convient le mieux aux habitats des montagnes Rocheuses, mais prosp\u00e8re \u00e9galement dans les climats c\u00f4tiers.<\/li>\n<\/ul>\n","protected":false},"featured_media":53667,"template":"","meta":{"_themeisle_gutenberg_block_has_review":false},"product_brand":[],"product_cat":[2216,2321],"product_tag":[],"class_list":{"0":"post-61184","1":"product","2":"type-product","3":"status-publish","4":"has-post-thumbnail","6":"product_cat-gazon-professionnel-et-remise-en-etat-fr","7":"product_cat-semences-indigenes-fr","9":"first","10":"instock","11":"shipping-taxable","12":"product-type-simple","13":"customify-col"},"_links":{"self":[{"href":"https:\/\/brettyoung.ca\/fr\/wp-json\/wp\/v2\/product\/61184","targetHints":{"allow":["GET"]}}],"collection":[{"href":"https:\/\/brettyoung.ca\/fr\/wp-json\/wp\/v2\/product"}],"about":[{"href":"https:\/\/brettyoung.ca\/fr\/wp-json\/wp\/v2\/types\/product"}],"wp:featuredmedia":[{"embeddable":true,"href":"https:\/\/brettyoung.ca\/fr\/wp-json\/wp\/v2\/media\/53667"}],"wp:attachment":[{"href":"https:\/\/brettyoung.ca\/fr\/wp-json\/wp\/v2\/media?parent=61184"}],"wp:term":[{"taxonomy":"product_brand","embeddable":true,"href":"https:\/\/brettyoung.ca\/fr\/wp-json\/wp\/v2\/product_brand?post=61184"},{"taxonomy":"product_cat","embeddable":true,"href":"https:\/\/brettyoung.ca\/fr\/wp-json\/wp\/v2\/product_cat?post=61184"},{"taxonomy":"product_tag","embeddable":true,"href":"https:\/\/brettyoung.ca\/fr\/wp-json\/wp\/v2\/product_tag?post=61184"}],"curies":[{"name":"wp","href":"https:\/\/api.w.org\/{rel}","templated":true}]}}