{"id":61179,"date":"2022-08-02T11:42:18","date_gmt":"2022-08-02T16:42:18","guid":{"rendered":"https:\/\/brettyoung.ca\/product\/turfrx-ca\/"},"modified":"2025-01-19T20:17:37","modified_gmt":"2025-01-20T02:17:37","slug":"turfrx-ca","status":"publish","type":"product","link":"https:\/\/brettyoung.ca\/fr\/product\/turfrx-ca\/","title":{"rendered":"TurfRx Ca"},"content":{"rendered":"<p>          <strong>UTILISATION DU PRODUIT<\/strong><\/p>\n<table width=\"747\">\n<tbody>\n<tr>\n<td width=\"245\"><strong>Utilisation<\/strong><\/td>\n<td width=\"251\"><strong>Taux <\/strong>(par <sup>1000ft2<\/sup>)<\/td>\n<td width=\"251\"><strong>Intervalle d&rsquo;application<\/strong><\/td>\n<\/tr>\n<tr>\n<td width=\"245\">R\u00e9sistance de la paroi cellulaire<\/td>\n<td width=\"251\">0,75-15 oz<\/td>\n<td width=\"251\">1-3 semaines<\/td>\n<\/tr>\n<tr>\n<td width=\"245\">Nutrition des plantes<\/td>\n<td width=\"251\">0,75-15 oz<\/td>\n<td width=\"251\">1-3 semaines<\/td>\n<\/tr>\n<tr>\n<td width=\"245\">Structure du sol<\/td>\n<td width=\"251\">0,75-15 oz<\/td>\n<td width=\"251\">1-3 semaines<\/td>\n<\/tr>\n<tr>\n<td width=\"245\">D\u00e9veloppement des racines<\/td>\n<td width=\"251\">0,75-15 oz<\/td>\n<td width=\"251\">1-3 semaines<\/td>\n<\/tr>\n<\/tbody>\n<\/table>\n","protected":false},"excerpt":{"rendered":"<ul>\n<li>Produit calcique hautement disponible et ayant r\u00e9agi<\/li>\n<li>Appliqu\u00e9 \u00e0 des taux tr\u00e8s faibles avec une absorption \u00e9lev\u00e9e<\/li>\n<li>Peut \u00eatre appliqu\u00e9 avec TurfRx P+ dans le m\u00eame r\u00e9servoir.<\/li>\n<\/ul>\n","protected":false},"featured_media":55838,"template":"","meta":{"_themeisle_gutenberg_block_has_review":false},"product_brand":[],"product_cat":[2333,2216,2334],"product_tag":[],"class_list":{"0":"post-61179","1":"product","2":"type-product","3":"status-publish","4":"has-post-thumbnail","6":"product_cat-engrais-fr","7":"product_cat-gazon-professionnel-et-remise-en-etat-fr","8":"product_cat-liquide-fr","10":"first","11":"instock","12":"shipping-taxable","13":"product-type-simple","14":"customify-col"},"_links":{"self":[{"href":"https:\/\/brettyoung.ca\/fr\/wp-json\/wp\/v2\/product\/61179","targetHints":{"allow":["GET"]}}],"collection":[{"href":"https:\/\/brettyoung.ca\/fr\/wp-json\/wp\/v2\/product"}],"about":[{"href":"https:\/\/brettyoung.ca\/fr\/wp-json\/wp\/v2\/types\/product"}],"wp:featuredmedia":[{"embeddable":true,"href":"https:\/\/brettyoung.ca\/fr\/wp-json\/wp\/v2\/media\/55838"}],"wp:attachment":[{"href":"https:\/\/brettyoung.ca\/fr\/wp-json\/wp\/v2\/media?parent=61179"}],"wp:term":[{"taxonomy":"product_brand","embeddable":true,"href":"https:\/\/brettyoung.ca\/fr\/wp-json\/wp\/v2\/product_brand?post=61179"},{"taxonomy":"product_cat","embeddable":true,"href":"https:\/\/brettyoung.ca\/fr\/wp-json\/wp\/v2\/product_cat?post=61179"},{"taxonomy":"product_tag","embeddable":true,"href":"https:\/\/brettyoung.ca\/fr\/wp-json\/wp\/v2\/product_tag?post=61179"}],"curies":[{"name":"wp","href":"https:\/\/api.w.org\/{rel}","templated":true}]}}