{"id":61177,"date":"2023-05-18T17:42:12","date_gmt":"2023-05-18T22:42:12","guid":{"rendered":"https:\/\/brettyoung.ca\/product\/mesureur-dhumidite-du-sol-fieldscout-tdr250\/"},"modified":"2025-06-25T13:40:08","modified_gmt":"2025-06-25T18:40:08","slug":"mesureur-dhumidite-du-sol-fieldscout-tdr250","status":"publish","type":"product","link":"https:\/\/brettyoung.ca\/fr\/product\/mesureur-dhumidite-du-sol-fieldscout-tdr250\/","title":{"rendered":"Mesureur d&rsquo;humidit\u00e9 du sol FieldScout TDR250"},"content":{"rendered":"","protected":false},"excerpt":{"rendered":"<ul>\n<li>Pr\u00e9cision accrue de la mesure de l&rsquo;humidit\u00e9 du sol (teneur en eau volum\u00e9trique)<\/li>\n<li>Mesure la conductivit\u00e9 \u00e9lectrique et la temp\u00e9rature de surface du gazon<\/li>\n<li>L&rsquo;enregistreur de donn\u00e9es enregistre environ 50 000 mesures<\/li>\n<\/ul>\n","protected":false},"featured_media":53830,"template":"","meta":{"_themeisle_gutenberg_block_has_review":false},"product_brand":[],"product_cat":[2306,2216],"product_tag":[],"class_list":{"0":"post-61177","1":"product","2":"type-product","3":"status-publish","4":"has-post-thumbnail","6":"product_cat-accessoires-et-equipements-fr","7":"product_cat-gazon-professionnel-et-remise-en-etat-fr","9":"first","10":"instock","11":"shipping-taxable","12":"product-type-simple","13":"customify-col"},"_links":{"self":[{"href":"https:\/\/brettyoung.ca\/fr\/wp-json\/wp\/v2\/product\/61177","targetHints":{"allow":["GET"]}}],"collection":[{"href":"https:\/\/brettyoung.ca\/fr\/wp-json\/wp\/v2\/product"}],"about":[{"href":"https:\/\/brettyoung.ca\/fr\/wp-json\/wp\/v2\/types\/product"}],"wp:featuredmedia":[{"embeddable":true,"href":"https:\/\/brettyoung.ca\/fr\/wp-json\/wp\/v2\/media\/53830"}],"wp:attachment":[{"href":"https:\/\/brettyoung.ca\/fr\/wp-json\/wp\/v2\/media?parent=61177"}],"wp:term":[{"taxonomy":"product_brand","embeddable":true,"href":"https:\/\/brettyoung.ca\/fr\/wp-json\/wp\/v2\/product_brand?post=61177"},{"taxonomy":"product_cat","embeddable":true,"href":"https:\/\/brettyoung.ca\/fr\/wp-json\/wp\/v2\/product_cat?post=61177"},{"taxonomy":"product_tag","embeddable":true,"href":"https:\/\/brettyoung.ca\/fr\/wp-json\/wp\/v2\/product_tag?post=61177"}],"curies":[{"name":"wp","href":"https:\/\/api.w.org\/{rel}","templated":true}]}}