{"id":61176,"date":"2021-02-11T11:37:41","date_gmt":"2021-02-11T17:37:41","guid":{"rendered":"https:\/\/brettyoung.ca\/product\/canada-wildrye\/"},"modified":"2025-06-25T13:36:20","modified_gmt":"2025-06-25T18:36:20","slug":"canada-wildrye","status":"publish","type":"product","link":"https:\/\/brettyoung.ca\/fr\/product\/canada-wildrye\/","title":{"rendered":"Canada Wildrye"},"content":{"rendered":"<table class=\"tableizer-table aligncenter\" style=\"height: 377px; width: 100.822%;\" width=\"1339\">\n<thead>\n<tr class=\"tableizer-firstrow\" style=\"height: 23px;\">\n<th style=\"width: 12.2754%; height: 23px;\">Tableau des caract\u00e9ristiques<\/th>\n<td style=\"height: 23px; width: 7.85928%;\"><\/td>\n<\/tr>\n<\/thead>\n<tbody>\n<tr style=\"height: 23px;\">\n<td style=\"width: 12.2754%; height: 23px;\">Mode de croissance<\/td>\n<td style=\"width: 7.85928%; height: 23px;\">Herbe en grappe<\/td>\n<\/tr>\n<tr style=\"height: 23px;\">\n<td style=\"width: 12.2754%; height: 23px;\">Tol\u00e9rance aux inondations<\/td>\n<td style=\"width: 7.85928%; height: 23px;\">Juste<\/td>\n<\/tr>\n<tr style=\"height: 23px;\">\n<td style=\"width: 12.2754%; height: 23px;\">Tol\u00e9rance \u00e0 la s\u00e9cheresse<\/td>\n<td style=\"width: 7.85928%; height: 23px;\">Bonne<\/td>\n<\/tr>\n<tr style=\"height: 23px;\">\n<td style=\"width: 12.2754%; height: 23px;\">Tol\u00e9rance au sel<\/td>\n<td style=\"width: 7.85928%; height: 23px;\">Bonne<\/td>\n<\/tr>\n<tr style=\"height: 47px;\">\n<td style=\"width: 12.2754%; height: 47px;\">PH du sol<\/td>\n<td style=\"width: 7.85928%; height: 47px;\">Neutre \u00e0 acide<\/td>\n<\/tr>\n<tr style=\"height: 95px;\">\n<td style=\"width: 12.2754%; height: 95px;\">Type de sol<\/td>\n<td style=\"width: 7.85928%; height: 95px;\">Grossier \u00e0 moyen<\/td>\n<\/tr>\n<tr style=\"height: 23px;\">\n<td style=\"width: 12.2754%; height: 23px;\">Environ graines\/lb <\/td>\n<td style=\"width: 7.85928%; height: 23px;\">115,000<\/td>\n<\/tr>\n<tr style=\"height: 23px;\">\n<td style=\"width: 12.2754%; height: 23px;\">Hauteur de la canop\u00e9e \u00e0 maturit\u00e9<\/td>\n<td style=\"width: 7.85928%; height: 23px;\">60-150 cm<\/td>\n<\/tr>\n<\/tbody>\n<\/table>\n<h3 style=\"text-align: center;\"><\/h3>\n","protected":false},"excerpt":{"rendered":"<ul>\n<li>Originaire de la majeure partie de l&rsquo;Am\u00e9rique du Nord<\/li>\n<li>Fr\u00e9quente dans les r\u00e9gions de prairies et de parcs.<\/li>\n<li>Se trouve sur les sols sablonneux, les rivages, les prairies et les dunes.<\/li>\n<\/ul>\n","protected":false},"featured_media":53661,"template":"","meta":{"_themeisle_gutenberg_block_has_review":false},"product_brand":[],"product_cat":[2216,2321],"product_tag":[],"class_list":{"0":"post-61176","1":"product","2":"type-product","3":"status-publish","4":"has-post-thumbnail","6":"product_cat-gazon-professionnel-et-remise-en-etat-fr","7":"product_cat-semences-indigenes-fr","9":"first","10":"instock","11":"shipping-taxable","12":"product-type-simple","13":"customify-col"},"_links":{"self":[{"href":"https:\/\/brettyoung.ca\/fr\/wp-json\/wp\/v2\/product\/61176","targetHints":{"allow":["GET"]}}],"collection":[{"href":"https:\/\/brettyoung.ca\/fr\/wp-json\/wp\/v2\/product"}],"about":[{"href":"https:\/\/brettyoung.ca\/fr\/wp-json\/wp\/v2\/types\/product"}],"wp:featuredmedia":[{"embeddable":true,"href":"https:\/\/brettyoung.ca\/fr\/wp-json\/wp\/v2\/media\/53661"}],"wp:attachment":[{"href":"https:\/\/brettyoung.ca\/fr\/wp-json\/wp\/v2\/media?parent=61176"}],"wp:term":[{"taxonomy":"product_brand","embeddable":true,"href":"https:\/\/brettyoung.ca\/fr\/wp-json\/wp\/v2\/product_brand?post=61176"},{"taxonomy":"product_cat","embeddable":true,"href":"https:\/\/brettyoung.ca\/fr\/wp-json\/wp\/v2\/product_cat?post=61176"},{"taxonomy":"product_tag","embeddable":true,"href":"https:\/\/brettyoung.ca\/fr\/wp-json\/wp\/v2\/product_tag?post=61176"}],"curies":[{"name":"wp","href":"https:\/\/api.w.org\/{rel}","templated":true}]}}