{"id":61175,"date":"2022-08-05T14:24:14","date_gmt":"2022-08-05T19:24:14","guid":{"rendered":"https:\/\/brettyoung.ca\/product\/mesureur-dhumidite-du-sol-fieldscout-tdr150\/"},"modified":"2025-01-19T20:17:13","modified_gmt":"2025-01-20T02:17:13","slug":"mesureur-dhumidite-du-sol-fieldscout-tdr150","status":"publish","type":"product","link":"https:\/\/brettyoung.ca\/fr\/product\/mesureur-dhumidite-du-sol-fieldscout-tdr150\/","title":{"rendered":"Mesureur d&rsquo;humidit\u00e9 du sol FieldScout TDR150"},"content":{"rendered":"","protected":false},"excerpt":{"rendered":"<ul>\n<li>Pr\u00e9cision accrue de la mesure de l&rsquo;humidit\u00e9 du sol (teneur en eau volum\u00e9trique)<\/li>\n<li>Mesure la conductivit\u00e9 \u00e9lectrique et la temp\u00e9rature de surface du gazon<\/li>\n<li>L&rsquo;enregistreur de donn\u00e9es enregistre environ 50 000 mesures<\/li>\n<\/ul>\n","protected":false},"featured_media":53830,"template":"","meta":{"_themeisle_gutenberg_block_has_review":false},"product_brand":[],"product_cat":[2306,2216],"product_tag":[],"class_list":{"0":"post-61175","1":"product","2":"type-product","3":"status-publish","4":"has-post-thumbnail","6":"product_cat-accessoires-et-equipements-fr","7":"product_cat-gazon-professionnel-et-remise-en-etat-fr","9":"first","10":"instock","11":"shipping-taxable","12":"product-type-simple","13":"customify-col"},"_links":{"self":[{"href":"https:\/\/brettyoung.ca\/fr\/wp-json\/wp\/v2\/product\/61175","targetHints":{"allow":["GET"]}}],"collection":[{"href":"https:\/\/brettyoung.ca\/fr\/wp-json\/wp\/v2\/product"}],"about":[{"href":"https:\/\/brettyoung.ca\/fr\/wp-json\/wp\/v2\/types\/product"}],"wp:featuredmedia":[{"embeddable":true,"href":"https:\/\/brettyoung.ca\/fr\/wp-json\/wp\/v2\/media\/53830"}],"wp:attachment":[{"href":"https:\/\/brettyoung.ca\/fr\/wp-json\/wp\/v2\/media?parent=61175"}],"wp:term":[{"taxonomy":"product_brand","embeddable":true,"href":"https:\/\/brettyoung.ca\/fr\/wp-json\/wp\/v2\/product_brand?post=61175"},{"taxonomy":"product_cat","embeddable":true,"href":"https:\/\/brettyoung.ca\/fr\/wp-json\/wp\/v2\/product_cat?post=61175"},{"taxonomy":"product_tag","embeddable":true,"href":"https:\/\/brettyoung.ca\/fr\/wp-json\/wp\/v2\/product_tag?post=61175"}],"curies":[{"name":"wp","href":"https:\/\/api.w.org\/{rel}","templated":true}]}}