{"id":61171,"date":"2021-02-12T08:04:07","date_gmt":"2021-02-12T14:04:07","guid":{"rendered":"https:\/\/brettyoung.ca\/product\/mesureur-dhumidite-du-sol-fieldscout-tdr350\/"},"modified":"2025-01-19T20:16:53","modified_gmt":"2025-01-20T02:16:53","slug":"mesureur-dhumidite-du-sol-fieldscout-tdr350","status":"publish","type":"product","link":"https:\/\/brettyoung.ca\/fr\/product\/mesureur-dhumidite-du-sol-fieldscout-tdr350\/","title":{"rendered":"Mesureur d&rsquo;humidit\u00e9 du sol FieldScout TDR350"},"content":{"rendered":"","protected":false},"excerpt":{"rendered":"<ul>\n<li>La conception ergonomique am\u00e9lior\u00e9e permet des mesures rapides et faciles.<\/li>\n<li>Mesure l&rsquo;humidit\u00e9 du sol avec une pr\u00e9cision accrue (teneur en eau volum\u00e9trique)<\/li>\n<li>Bluetooth et GPS int\u00e9gr\u00e9s pour une collecte de donn\u00e9es mains libres<\/li>\n<\/ul>\n","protected":false},"featured_media":53827,"template":"","meta":{"_themeisle_gutenberg_block_has_review":false},"product_brand":[],"product_cat":[2306,2216],"product_tag":[],"class_list":{"0":"post-61171","1":"product","2":"type-product","3":"status-publish","4":"has-post-thumbnail","6":"product_cat-accessoires-et-equipements-fr","7":"product_cat-gazon-professionnel-et-remise-en-etat-fr","9":"first","10":"instock","11":"shipping-taxable","12":"product-type-simple","13":"customify-col"},"_links":{"self":[{"href":"https:\/\/brettyoung.ca\/fr\/wp-json\/wp\/v2\/product\/61171","targetHints":{"allow":["GET"]}}],"collection":[{"href":"https:\/\/brettyoung.ca\/fr\/wp-json\/wp\/v2\/product"}],"about":[{"href":"https:\/\/brettyoung.ca\/fr\/wp-json\/wp\/v2\/types\/product"}],"wp:featuredmedia":[{"embeddable":true,"href":"https:\/\/brettyoung.ca\/fr\/wp-json\/wp\/v2\/media\/53827"}],"wp:attachment":[{"href":"https:\/\/brettyoung.ca\/fr\/wp-json\/wp\/v2\/media?parent=61171"}],"wp:term":[{"taxonomy":"product_brand","embeddable":true,"href":"https:\/\/brettyoung.ca\/fr\/wp-json\/wp\/v2\/product_brand?post=61171"},{"taxonomy":"product_cat","embeddable":true,"href":"https:\/\/brettyoung.ca\/fr\/wp-json\/wp\/v2\/product_cat?post=61171"},{"taxonomy":"product_tag","embeddable":true,"href":"https:\/\/brettyoung.ca\/fr\/wp-json\/wp\/v2\/product_tag?post=61171"}],"curies":[{"name":"wp","href":"https:\/\/api.w.org\/{rel}","templated":true}]}}