{"id":61169,"date":"2021-02-12T08:23:29","date_gmt":"2021-02-12T14:23:29","guid":{"rendered":"https:\/\/brettyoung.ca\/product\/granules-noirs\/"},"modified":"2025-01-19T20:16:01","modified_gmt":"2025-01-20T02:16:01","slug":"granules-noirs","status":"publish","type":"product","link":"https:\/\/brettyoung.ca\/fr\/product\/granules-noirs\/","title":{"rendered":"Granul\u00e9s noirs"},"content":{"rendered":"","protected":false},"excerpt":{"rendered":"<ul>\n<li>Utilisable comme colorant pour les lacs et les \u00e9tangs ou comme indicateur de pulv\u00e9risation.<\/li>\n<li>M\u00e9thode d&rsquo;administration hydrosoluble facile \u00e0 utiliser<\/li>\n<li>Les Solupaks dissolvent et lib\u00e8rent les granul\u00e9s ultra-purs rapidement et uniform\u00e9ment dans l&rsquo;eau.<\/li>\n<\/ul>\n","protected":false},"featured_media":53632,"template":"","meta":{"_themeisle_gutenberg_block_has_review":false},"product_brand":[],"product_cat":[2297,2216,2295],"product_tag":[],"class_list":{"0":"post-61169","1":"product","2":"type-product","3":"status-publish","4":"has-post-thumbnail","6":"product_cat-colorants-fr","7":"product_cat-gazon-professionnel-et-remise-en-etat-fr","8":"product_cat-traitement-des-etangs-fr","10":"first","11":"instock","12":"shipping-taxable","13":"product-type-simple","14":"customify-col"},"_links":{"self":[{"href":"https:\/\/brettyoung.ca\/fr\/wp-json\/wp\/v2\/product\/61169","targetHints":{"allow":["GET"]}}],"collection":[{"href":"https:\/\/brettyoung.ca\/fr\/wp-json\/wp\/v2\/product"}],"about":[{"href":"https:\/\/brettyoung.ca\/fr\/wp-json\/wp\/v2\/types\/product"}],"wp:featuredmedia":[{"embeddable":true,"href":"https:\/\/brettyoung.ca\/fr\/wp-json\/wp\/v2\/media\/53632"}],"wp:attachment":[{"href":"https:\/\/brettyoung.ca\/fr\/wp-json\/wp\/v2\/media?parent=61169"}],"wp:term":[{"taxonomy":"product_brand","embeddable":true,"href":"https:\/\/brettyoung.ca\/fr\/wp-json\/wp\/v2\/product_brand?post=61169"},{"taxonomy":"product_cat","embeddable":true,"href":"https:\/\/brettyoung.ca\/fr\/wp-json\/wp\/v2\/product_cat?post=61169"},{"taxonomy":"product_tag","embeddable":true,"href":"https:\/\/brettyoung.ca\/fr\/wp-json\/wp\/v2\/product_tag?post=61169"}],"curies":[{"name":"wp","href":"https:\/\/api.w.org\/{rel}","templated":true}]}}