{"id":61166,"date":"2022-08-05T08:44:20","date_gmt":"2022-08-05T13:44:20","guid":{"rendered":"https:\/\/brettyoung.ca\/product\/bioboost\/"},"modified":"2025-06-25T13:39:07","modified_gmt":"2025-06-25T18:39:07","slug":"bioboost","status":"publish","type":"product","link":"https:\/\/brettyoung.ca\/fr\/product\/bioboost\/","title":{"rendered":"BioBoost"},"content":{"rendered":"","protected":false},"excerpt":{"rendered":"<ul>\n<li>Maximise le transfert d&rsquo;oxyg\u00e8ne dans l&rsquo;eau, acc\u00e9l\u00e8re la d\u00e9pollution et d\u00e9compose les s\u00e9diments organiques.<\/li>\n<li>Le mat\u00e9riau structurel produit une \u00e9paisse couche de \u00ab\u00a0boue biologique\u00a0\u00bb, d\u00e9compose les nutriments organiques et d\u00e9grade les boues de fond.<\/li>\n<li>Profondeur de l&rsquo;\u00e9tang : &gt; 5 f<\/li>\n<\/ul>\n","protected":false},"featured_media":53632,"template":"","meta":{"_themeisle_gutenberg_block_has_review":false},"product_brand":[],"product_cat":[2216,2295,2299],"product_tag":[],"class_list":{"0":"post-61166","1":"product","2":"type-product","3":"status-publish","4":"has-post-thumbnail","6":"product_cat-gazon-professionnel-et-remise-en-etat-fr","7":"product_cat-traitement-des-etangs-fr","8":"product_cat-traitements-fr","10":"first","11":"instock","12":"shipping-taxable","13":"product-type-simple","14":"customify-col"},"_links":{"self":[{"href":"https:\/\/brettyoung.ca\/fr\/wp-json\/wp\/v2\/product\/61166","targetHints":{"allow":["GET"]}}],"collection":[{"href":"https:\/\/brettyoung.ca\/fr\/wp-json\/wp\/v2\/product"}],"about":[{"href":"https:\/\/brettyoung.ca\/fr\/wp-json\/wp\/v2\/types\/product"}],"wp:featuredmedia":[{"embeddable":true,"href":"https:\/\/brettyoung.ca\/fr\/wp-json\/wp\/v2\/media\/53632"}],"wp:attachment":[{"href":"https:\/\/brettyoung.ca\/fr\/wp-json\/wp\/v2\/media?parent=61166"}],"wp:term":[{"taxonomy":"product_brand","embeddable":true,"href":"https:\/\/brettyoung.ca\/fr\/wp-json\/wp\/v2\/product_brand?post=61166"},{"taxonomy":"product_cat","embeddable":true,"href":"https:\/\/brettyoung.ca\/fr\/wp-json\/wp\/v2\/product_cat?post=61166"},{"taxonomy":"product_tag","embeddable":true,"href":"https:\/\/brettyoung.ca\/fr\/wp-json\/wp\/v2\/product_tag?post=61166"}],"curies":[{"name":"wp","href":"https:\/\/api.w.org\/{rel}","templated":true}]}}