{"id":61165,"date":"2021-11-13T09:30:36","date_gmt":"2021-11-13T15:30:36","guid":{"rendered":"https:\/\/brettyoung.ca\/product\/aquaspherepro\/"},"modified":"2025-01-19T20:15:40","modified_gmt":"2025-01-20T02:15:40","slug":"aquaspherepro","status":"publish","type":"product","link":"https:\/\/brettyoung.ca\/fr\/product\/aquaspherepro\/","title":{"rendered":"AquaSphere\u00aePRO"},"content":{"rendered":"","protected":false},"excerpt":{"rendered":"<ul>\n<li>Le distributeur pratique et \u00e9cologique \u00e0 lib\u00e9ration progressive est 10 fois biod\u00e9gradable.<\/li>\n<li>Lib\u00e8re lentement des bact\u00e9ries b\u00e9n\u00e9fiques pour l&rsquo;eau dans les lacs et les \u00e9tangs pendant 30 jours.<\/li>\n<li>  Les bact\u00e9ries ajout\u00e9es consomment les nutriments exc\u00e9dentaires et am\u00e9liorent la clart\u00e9 de l&rsquo;eau.<\/li>\n<\/ul>\n","protected":false},"featured_media":53034,"template":"","meta":{"_themeisle_gutenberg_block_has_review":false},"product_brand":[],"product_cat":[2216,2295,2299],"product_tag":[],"class_list":{"0":"post-61165","1":"product","2":"type-product","3":"status-publish","4":"has-post-thumbnail","6":"product_cat-gazon-professionnel-et-remise-en-etat-fr","7":"product_cat-traitement-des-etangs-fr","8":"product_cat-traitements-fr","10":"first","11":"instock","12":"shipping-taxable","13":"product-type-simple","14":"customify-col"},"_links":{"self":[{"href":"https:\/\/brettyoung.ca\/fr\/wp-json\/wp\/v2\/product\/61165","targetHints":{"allow":["GET"]}}],"collection":[{"href":"https:\/\/brettyoung.ca\/fr\/wp-json\/wp\/v2\/product"}],"about":[{"href":"https:\/\/brettyoung.ca\/fr\/wp-json\/wp\/v2\/types\/product"}],"wp:featuredmedia":[{"embeddable":true,"href":"https:\/\/brettyoung.ca\/fr\/wp-json\/wp\/v2\/media\/53034"}],"wp:attachment":[{"href":"https:\/\/brettyoung.ca\/fr\/wp-json\/wp\/v2\/media?parent=61165"}],"wp:term":[{"taxonomy":"product_brand","embeddable":true,"href":"https:\/\/brettyoung.ca\/fr\/wp-json\/wp\/v2\/product_brand?post=61165"},{"taxonomy":"product_cat","embeddable":true,"href":"https:\/\/brettyoung.ca\/fr\/wp-json\/wp\/v2\/product_cat?post=61165"},{"taxonomy":"product_tag","embeddable":true,"href":"https:\/\/brettyoung.ca\/fr\/wp-json\/wp\/v2\/product_tag?post=61165"}],"curies":[{"name":"wp","href":"https:\/\/api.w.org\/{rel}","templated":true}]}}