{"id":61160,"date":"2021-02-12T09:58:42","date_gmt":"2021-02-12T15:58:42","guid":{"rendered":"https:\/\/brettyoung.ca\/product\/trugyp-2\/"},"modified":"2025-01-19T20:14:03","modified_gmt":"2025-01-20T02:14:03","slug":"trugyp-2","status":"publish","type":"product","link":"https:\/\/brettyoung.ca\/fr\/product\/trugyp-2\/","title":{"rendered":"TruGyp"},"content":{"rendered":"<p>Toutes les sources de calcium se valent, n&rsquo;est-ce pas ? Pendant des ann\u00e9es, nous avons \u00e9t\u00e9 amen\u00e9s \u00e0 croire que le choix du calcium devait se r\u00e9sumer au prix, toutes choses \u00e9gales par ailleurs. Un rapport r\u00e9cent du Dr Larry Stowell de PACE Turf Research r\u00e9v\u00e8le qu&rsquo;il existe des diff\u00e9rences substantielles, voire extr\u00eames, entre les sources de calcium. Par exemple, le sulfate de calcium dihydrat\u00e9 (la v\u00e9ritable forme du gypse) et le sulfate de calcium anhydrite sont tous deux des sources de sulfate de calcium. Cependant, la forme dihydrate a deux mol\u00e9cules d&rsquo;eau associ\u00e9es au sulfate de calcium alors que l&rsquo;anhydrite n&rsquo;a pas d&rsquo;eau. Cette diff\u00e9rence de caract\u00e9ristiques a un impact consid\u00e9rable sur le degr\u00e9 de solubilit\u00e9 du calcium dans l&rsquo;eau entre les deux sources. Lors de tests en laboratoire \u00e9valuant la solubilit\u00e9 des deux sources, environ 25 % du calcium du sulfate de calcium passe en solution dans un d\u00e9lai de 18 heures. \u00c0 l&rsquo;inverse, le gypse v\u00e9ritable finit par contenir plus de 85 % du calcium en solution, ce qui signifie que 3,5 fois plus de calcium passe en solution par rapport au sulfate de calcium anhydrite. L&rsquo;importance de la solubilit\u00e9 r\u00e9side dans le fait que le calcium ne permet de r\u00e9duire l&rsquo;accumulation de sodium et de fournir une nutrition calcique aux plantes que lorsqu&rsquo;il est solubilis\u00e9 sous sa forme ionique Ca++. Un autre facteur du taux de solubilisation est la finesse du broyage des mat\u00e9riaux avant la granulation. Plus le broyage est fin, plus la surface d&rsquo;exposition des mat\u00e9riaux \u00e0 l&rsquo;eau est importante. Cela augmente la vitesse de solubilisation des mat\u00e9riaux.  <\/p>\n<h3>C&rsquo;est en tenant compte de ces consid\u00e9rations importantes que Simplot Partners a d\u00e9velopp\u00e9 TruGyp, un produit de gypse granul\u00e9 de qualit\u00e9 sup\u00e9rieure pr\u00e9sentant les caract\u00e9ristiques suivantes :<\/h3>\n<ul>\n<li>Solubilit\u00e9 sup\u00e9rieure du calcium<\/li>\n<li>Gypse de la plus haute puret\u00e9 (95% de puret\u00e9 minimum)<\/li>\n<li>Broyage extr\u00eamement fin avant la granulation du produit<\/li>\n<li>Qualit\u00e9 sup\u00e9rieure\/uniformit\u00e9 de la granulation du produit<\/li>\n<li>Dispersion rapide du granul\u00e9 lors de l&rsquo;application de l&rsquo;eau<\/li>\n<\/ul>\n","protected":false},"excerpt":{"rendered":"<p>Toutes les sources de calcium se valent, n&rsquo;est-ce pas ? Pendant des ann\u00e9es, nous avons \u00e9t\u00e9 amen\u00e9s \u00e0 croire que le choix du calcium devait&hellip;<\/p>\n","protected":false},"featured_media":0,"template":"","meta":{"_themeisle_gutenberg_block_has_review":false},"product_brand":[],"product_cat":[2216,2274,2278],"product_tag":[],"class_list":{"0":"post-61160","1":"product","2":"type-product","3":"status-publish","5":"product_cat-gazon-professionnel-et-remise-en-etat-fr","6":"product_cat-gestion-de-leau-fr","7":"product_cat-nutrition-complementaire-fr","9":"first","10":"instock","11":"shipping-taxable","12":"product-type-simple","13":"customify-col"},"_links":{"self":[{"href":"https:\/\/brettyoung.ca\/fr\/wp-json\/wp\/v2\/product\/61160","targetHints":{"allow":["GET"]}}],"collection":[{"href":"https:\/\/brettyoung.ca\/fr\/wp-json\/wp\/v2\/product"}],"about":[{"href":"https:\/\/brettyoung.ca\/fr\/wp-json\/wp\/v2\/types\/product"}],"wp:attachment":[{"href":"https:\/\/brettyoung.ca\/fr\/wp-json\/wp\/v2\/media?parent=61160"}],"wp:term":[{"taxonomy":"product_brand","embeddable":true,"href":"https:\/\/brettyoung.ca\/fr\/wp-json\/wp\/v2\/product_brand?post=61160"},{"taxonomy":"product_cat","embeddable":true,"href":"https:\/\/brettyoung.ca\/fr\/wp-json\/wp\/v2\/product_cat?post=61160"},{"taxonomy":"product_tag","embeddable":true,"href":"https:\/\/brettyoung.ca\/fr\/wp-json\/wp\/v2\/product_tag?post=61160"}],"curies":[{"name":"wp","href":"https:\/\/api.w.org\/{rel}","templated":true}]}}