{"id":61154,"date":"2022-08-03T13:18:18","date_gmt":"2022-08-03T18:18:18","guid":{"rendered":"https:\/\/brettyoung.ca\/product\/pelouse-et-paysage\/"},"modified":"2025-01-19T20:13:48","modified_gmt":"2025-01-20T02:13:48","slug":"pelouse-et-paysage","status":"publish","type":"product","link":"https:\/\/brettyoung.ca\/fr\/product\/pelouse-et-paysage\/","title":{"rendered":"Pelouse et Paysage\u2122"},"content":{"rendered":"<p>          <strong> <\/strong><\/p>\n","protected":false},"excerpt":{"rendered":"<ul>\n<li>Con\u00e7u pour am\u00e9liorer tous les types de sol<\/li>\n<li>Am\u00e9liore la capacit\u00e9 de r\u00e9tention de l&rsquo;eau et des nutriments<\/li>\n<li>Augmente les niveaux d&rsquo;oxyg\u00e8ne dans la zone des racines<\/li>\n<\/ul>\n","protected":false},"featured_media":55583,"template":"","meta":{"_themeisle_gutenberg_block_has_review":false},"product_brand":[],"product_cat":[2216,2274],"product_tag":[],"class_list":{"0":"post-61154","1":"product","2":"type-product","3":"status-publish","4":"has-post-thumbnail","6":"product_cat-gazon-professionnel-et-remise-en-etat-fr","7":"product_cat-gestion-de-leau-fr","9":"first","10":"instock","11":"shipping-taxable","12":"product-type-simple","13":"customify-col"},"_links":{"self":[{"href":"https:\/\/brettyoung.ca\/fr\/wp-json\/wp\/v2\/product\/61154","targetHints":{"allow":["GET"]}}],"collection":[{"href":"https:\/\/brettyoung.ca\/fr\/wp-json\/wp\/v2\/product"}],"about":[{"href":"https:\/\/brettyoung.ca\/fr\/wp-json\/wp\/v2\/types\/product"}],"wp:featuredmedia":[{"embeddable":true,"href":"https:\/\/brettyoung.ca\/fr\/wp-json\/wp\/v2\/media\/55583"}],"wp:attachment":[{"href":"https:\/\/brettyoung.ca\/fr\/wp-json\/wp\/v2\/media?parent=61154"}],"wp:term":[{"taxonomy":"product_brand","embeddable":true,"href":"https:\/\/brettyoung.ca\/fr\/wp-json\/wp\/v2\/product_brand?post=61154"},{"taxonomy":"product_cat","embeddable":true,"href":"https:\/\/brettyoung.ca\/fr\/wp-json\/wp\/v2\/product_cat?post=61154"},{"taxonomy":"product_tag","embeddable":true,"href":"https:\/\/brettyoung.ca\/fr\/wp-json\/wp\/v2\/product_tag?post=61154"}],"curies":[{"name":"wp","href":"https:\/\/api.w.org\/{rel}","templated":true}]}}