{"id":61151,"date":"2021-02-12T08:44:18","date_gmt":"2021-02-12T14:44:18","guid":{"rendered":"https:\/\/brettyoung.ca\/product\/zipline-st\/"},"modified":"2025-06-25T13:36:45","modified_gmt":"2025-06-25T18:36:45","slug":"zipline-st","status":"publish","type":"product","link":"https:\/\/brettyoung.ca\/fr\/product\/zipline-st\/","title":{"rendered":"Zipline\u00ae ST"},"content":{"rendered":"<p><strong>MALADIES CONTR\u00d4L\u00c9ES  <\/strong><\/p>\n<table width=\"747\">\n<tbody>\n<tr>\n<td width=\"245\"><strong>Saison<\/strong><\/td>\n<td width=\"251\"><strong>Formulation<\/strong><\/td>\n<td width=\"251\"><strong>Ingr\u00e9dient actif<\/strong><\/td>\n<\/tr>\n<tr>\n<td width=\"245\">Toutes saisons<\/td>\n<td width=\"251\">Liquide<\/td>\n<td width=\"251\">Tensioactif double action pour le sol avec la technologie exclusive des bio-extraits<\/td>\n<\/tr>\n<\/tbody>\n<\/table>\n<p><strong> <\/strong><\/p>\n","protected":false},"excerpt":{"rendered":"<ul>\n<li>Am\u00e9liore l&rsquo;infiltration de l&rsquo;eau et favorise une hydratation \u00e9quilibr\u00e9e<\/li>\n<li>Excellente suppression de la ros\u00e9e<\/li>\n<li>Assurer la pr\u00e9vention et le r\u00e9tablissement du SDL<\/li>\n<\/ul>\n","protected":false},"featured_media":53507,"template":"","meta":{"_themeisle_gutenberg_block_has_review":false},"product_brand":[],"product_cat":[2276,2216,2274],"product_tag":[],"class_list":{"0":"post-61151","1":"product","2":"type-product","3":"status-publish","4":"has-post-thumbnail","6":"product_cat-agent-mouillant-fr","7":"product_cat-gazon-professionnel-et-remise-en-etat-fr","8":"product_cat-gestion-de-leau-fr","10":"first","11":"instock","12":"shipping-taxable","13":"product-type-simple","14":"customify-col"},"_links":{"self":[{"href":"https:\/\/brettyoung.ca\/fr\/wp-json\/wp\/v2\/product\/61151","targetHints":{"allow":["GET"]}}],"collection":[{"href":"https:\/\/brettyoung.ca\/fr\/wp-json\/wp\/v2\/product"}],"about":[{"href":"https:\/\/brettyoung.ca\/fr\/wp-json\/wp\/v2\/types\/product"}],"wp:featuredmedia":[{"embeddable":true,"href":"https:\/\/brettyoung.ca\/fr\/wp-json\/wp\/v2\/media\/53507"}],"wp:attachment":[{"href":"https:\/\/brettyoung.ca\/fr\/wp-json\/wp\/v2\/media?parent=61151"}],"wp:term":[{"taxonomy":"product_brand","embeddable":true,"href":"https:\/\/brettyoung.ca\/fr\/wp-json\/wp\/v2\/product_brand?post=61151"},{"taxonomy":"product_cat","embeddable":true,"href":"https:\/\/brettyoung.ca\/fr\/wp-json\/wp\/v2\/product_cat?post=61151"},{"taxonomy":"product_tag","embeddable":true,"href":"https:\/\/brettyoung.ca\/fr\/wp-json\/wp\/v2\/product_tag?post=61151"}],"curies":[{"name":"wp","href":"https:\/\/api.w.org\/{rel}","templated":true}]}}