{"id":61150,"date":"2021-02-12T08:43:38","date_gmt":"2021-02-12T14:43:38","guid":{"rendered":"https:\/\/brettyoung.ca\/product\/envoi\/"},"modified":"2025-01-19T20:13:08","modified_gmt":"2025-01-20T02:13:08","slug":"envoi","status":"publish","type":"product","link":"https:\/\/brettyoung.ca\/fr\/product\/envoi\/","title":{"rendered":"Envoi"},"content":{"rendered":"<p>          <strong>MALADIES CONTR\u00d4L\u00c9ES  <\/strong><\/p>\n<table width=\"747\">\n<tbody>\n<tr>\n<td width=\"245\"><strong>Saison<\/strong><\/td>\n<td width=\"251\"><strong>Formulation<\/strong><\/td>\n<td width=\"251\"><strong>Ingr\u00e9dient actif<\/strong><\/td>\n<\/tr>\n<tr>\n<td width=\"245\">Toute saison<\/td>\n<td width=\"251\">Pulv\u00e9risable et injectable<\/td>\n<td width=\"251\">M\u00e9lange de tensioactifs non ioniques<\/td>\n<\/tr>\n<\/tbody>\n<\/table>\n","protected":false},"excerpt":{"rendered":"<ul>\n<li>Augmente la p\u00e9n\u00e9tration de l&rsquo;eau et l&rsquo;efficacit\u00e9 de l&rsquo;irrigation<\/li>\n<li>R\u00e9duit consid\u00e9rablement le ruissellement<\/li>\n<li>Introduit uniform\u00e9ment les \u00e9l\u00e9ments nutritifs et les produits chimiques dans le sol.<\/li>\n<\/ul>\n","protected":false},"featured_media":53504,"template":"","meta":{"_themeisle_gutenberg_block_has_review":false},"product_brand":[],"product_cat":[2276,2216,2274],"product_tag":[],"class_list":{"0":"post-61150","1":"product","2":"type-product","3":"status-publish","4":"has-post-thumbnail","6":"product_cat-agent-mouillant-fr","7":"product_cat-gazon-professionnel-et-remise-en-etat-fr","8":"product_cat-gestion-de-leau-fr","10":"first","11":"instock","12":"shipping-taxable","13":"product-type-simple","14":"customify-col"},"_links":{"self":[{"href":"https:\/\/brettyoung.ca\/fr\/wp-json\/wp\/v2\/product\/61150","targetHints":{"allow":["GET"]}}],"collection":[{"href":"https:\/\/brettyoung.ca\/fr\/wp-json\/wp\/v2\/product"}],"about":[{"href":"https:\/\/brettyoung.ca\/fr\/wp-json\/wp\/v2\/types\/product"}],"wp:featuredmedia":[{"embeddable":true,"href":"https:\/\/brettyoung.ca\/fr\/wp-json\/wp\/v2\/media\/53504"}],"wp:attachment":[{"href":"https:\/\/brettyoung.ca\/fr\/wp-json\/wp\/v2\/media?parent=61150"}],"wp:term":[{"taxonomy":"product_brand","embeddable":true,"href":"https:\/\/brettyoung.ca\/fr\/wp-json\/wp\/v2\/product_brand?post=61150"},{"taxonomy":"product_cat","embeddable":true,"href":"https:\/\/brettyoung.ca\/fr\/wp-json\/wp\/v2\/product_cat?post=61150"},{"taxonomy":"product_tag","embeddable":true,"href":"https:\/\/brettyoung.ca\/fr\/wp-json\/wp\/v2\/product_tag?post=61150"}],"curies":[{"name":"wp","href":"https:\/\/api.w.org\/{rel}","templated":true}]}}