{"id":61147,"date":"2021-02-12T08:45:08","date_gmt":"2021-02-12T14:45:08","guid":{"rendered":"https:\/\/brettyoung.ca\/product\/revolution\/"},"modified":"2025-01-19T20:12:48","modified_gmt":"2025-01-20T02:12:48","slug":"revolution","status":"publish","type":"product","link":"https:\/\/brettyoung.ca\/fr\/product\/revolution\/","title":{"rendered":"R\u00e9volution"},"content":{"rendered":"<p>          <strong>MALADIES CONTR\u00d4L\u00c9ES  <\/strong><\/p>\n<table width=\"747\">\n<tbody>\n<tr>\n<td width=\"245\"><strong>Saison<\/strong><\/td>\n<td width=\"251\"><strong>Formulation<\/strong><\/td>\n<td width=\"251\"><strong>Ingr\u00e9dient actif<\/strong><\/td>\n<\/tr>\n<tr>\n<td width=\"245\">Toutes saisons<\/td>\n<td width=\"251\">Liquide<\/td>\n<td width=\"251\">Tensioactif pour le sol<\/td>\n<\/tr>\n<\/tbody>\n<\/table>\n","protected":false},"excerpt":{"rendered":"<ul>\n<li>R\u00e9partition exceptionnelle de l&rsquo;humidit\u00e9<\/li>\n<li>\u00c9quilibre le rapport entre l&rsquo;air et l&rsquo;eau dans le sol<\/li>\n<li>Am\u00e9liore la qualit\u00e9 du gazon en cas de stress<\/li>\n<\/ul>\n","protected":false},"featured_media":53499,"template":"","meta":{"_themeisle_gutenberg_block_has_review":false},"product_brand":[],"product_cat":[2276,2216,2274],"product_tag":[],"class_list":{"0":"post-61147","1":"product","2":"type-product","3":"status-publish","4":"has-post-thumbnail","6":"product_cat-agent-mouillant-fr","7":"product_cat-gazon-professionnel-et-remise-en-etat-fr","8":"product_cat-gestion-de-leau-fr","10":"first","11":"instock","12":"shipping-taxable","13":"product-type-simple","14":"customify-col"},"_links":{"self":[{"href":"https:\/\/brettyoung.ca\/fr\/wp-json\/wp\/v2\/product\/61147","targetHints":{"allow":["GET"]}}],"collection":[{"href":"https:\/\/brettyoung.ca\/fr\/wp-json\/wp\/v2\/product"}],"about":[{"href":"https:\/\/brettyoung.ca\/fr\/wp-json\/wp\/v2\/types\/product"}],"wp:featuredmedia":[{"embeddable":true,"href":"https:\/\/brettyoung.ca\/fr\/wp-json\/wp\/v2\/media\/53499"}],"wp:attachment":[{"href":"https:\/\/brettyoung.ca\/fr\/wp-json\/wp\/v2\/media?parent=61147"}],"wp:term":[{"taxonomy":"product_brand","embeddable":true,"href":"https:\/\/brettyoung.ca\/fr\/wp-json\/wp\/v2\/product_brand?post=61147"},{"taxonomy":"product_cat","embeddable":true,"href":"https:\/\/brettyoung.ca\/fr\/wp-json\/wp\/v2\/product_cat?post=61147"},{"taxonomy":"product_tag","embeddable":true,"href":"https:\/\/brettyoung.ca\/fr\/wp-json\/wp\/v2\/product_tag?post=61147"}],"curies":[{"name":"wp","href":"https:\/\/api.w.org\/{rel}","templated":true}]}}