{"id":61146,"date":"2021-02-12T08:42:56","date_gmt":"2021-02-12T14:42:56","guid":{"rendered":"https:\/\/brettyoung.ca\/product\/seize90\/"},"modified":"2025-01-19T20:12:38","modified_gmt":"2025-01-20T02:12:38","slug":"seize90","status":"publish","type":"product","link":"https:\/\/brettyoung.ca\/fr\/product\/seize90\/","title":{"rendered":"Seize90\u2122"},"content":{"rendered":"<p>          <strong>MALADIES CONTR\u00d4L\u00c9ES  <\/strong><\/p>\n<table width=\"747\">\n<tbody>\n<tr>\n<td width=\"245\"><strong>Saison<\/strong><\/td>\n<td width=\"251\"><strong>Formulation<\/strong><\/td>\n<td width=\"251\"><strong>Ingr\u00e9dient actif<\/strong><\/td>\n<\/tr>\n<tr>\n<td width=\"245\">Toutes saisons<\/td>\n<td width=\"251\">Liquide<\/td>\n<td width=\"251\">&#8211;<\/td>\n<\/tr>\n<\/tbody>\n<\/table>\n","protected":false},"excerpt":{"rendered":"<ul>\n<li>Gestion coh\u00e9rente de l&rsquo;imperm\u00e9abilit\u00e9 \u00e0 l&rsquo;eau<\/li>\n<li>Contr\u00f4le durable garanti pendant 90 jours<\/li>\n<li>Am\u00e9liore et maintient la qualit\u00e9 du gazon<\/li>\n<\/ul>\n","protected":false},"featured_media":53496,"template":"","meta":{"_themeisle_gutenberg_block_has_review":false},"product_brand":[],"product_cat":[2276,2216,2274,2278],"product_tag":[],"class_list":{"0":"post-61146","1":"product","2":"type-product","3":"status-publish","4":"has-post-thumbnail","6":"product_cat-agent-mouillant-fr","7":"product_cat-gazon-professionnel-et-remise-en-etat-fr","8":"product_cat-gestion-de-leau-fr","9":"product_cat-nutrition-complementaire-fr","11":"first","12":"instock","13":"shipping-taxable","14":"product-type-simple","15":"customify-col"},"_links":{"self":[{"href":"https:\/\/brettyoung.ca\/fr\/wp-json\/wp\/v2\/product\/61146","targetHints":{"allow":["GET"]}}],"collection":[{"href":"https:\/\/brettyoung.ca\/fr\/wp-json\/wp\/v2\/product"}],"about":[{"href":"https:\/\/brettyoung.ca\/fr\/wp-json\/wp\/v2\/types\/product"}],"wp:featuredmedia":[{"embeddable":true,"href":"https:\/\/brettyoung.ca\/fr\/wp-json\/wp\/v2\/media\/53496"}],"wp:attachment":[{"href":"https:\/\/brettyoung.ca\/fr\/wp-json\/wp\/v2\/media?parent=61146"}],"wp:term":[{"taxonomy":"product_brand","embeddable":true,"href":"https:\/\/brettyoung.ca\/fr\/wp-json\/wp\/v2\/product_brand?post=61146"},{"taxonomy":"product_cat","embeddable":true,"href":"https:\/\/brettyoung.ca\/fr\/wp-json\/wp\/v2\/product_cat?post=61146"},{"taxonomy":"product_tag","embeddable":true,"href":"https:\/\/brettyoung.ca\/fr\/wp-json\/wp\/v2\/product_tag?post=61146"}],"curies":[{"name":"wp","href":"https:\/\/api.w.org\/{rel}","templated":true}]}}