{"id":61145,"date":"2021-02-12T08:40:59","date_gmt":"2021-02-12T14:40:59","guid":{"rendered":"https:\/\/brettyoung.ca\/product\/hydratation-a-plus\/"},"modified":"2025-01-19T20:12:29","modified_gmt":"2025-01-20T02:12:29","slug":"hydratation-a-plus","status":"publish","type":"product","link":"https:\/\/brettyoung.ca\/fr\/product\/hydratation-a-plus\/","title":{"rendered":"Hydratation A-Plus"},"content":{"rendered":"<p>          <strong>MALADIES CONTR\u00d4L\u00c9ES  <\/strong><\/p>\n<table width=\"747\">\n<tbody>\n<tr>\n<td width=\"245\"><strong>Saison<\/strong><\/td>\n<td width=\"251\"><strong>Formulation<\/strong><\/td>\n<td width=\"251\"><strong>Ingr\u00e9dient actif<\/strong><\/td>\n<\/tr>\n<tr>\n<td width=\"245\">Toutes saisons<\/td>\n<td width=\"251\">Liquide<\/td>\n<td width=\"251\">P\u00e9n\u00e9trant double action et agent mouillant super-tenant + technologie min\u00e9rale Alpha<\/td>\n<\/tr>\n<\/tbody>\n<\/table>\n","protected":false},"excerpt":{"rendered":"<ul>\n<li>Une technologie acide exclusive permet de lib\u00e9rer les nutriments retenus<\/li>\n<li>Permet un mouvement r\u00e9gulier de l&rsquo;eau<\/li>\n<li>Dissolution des bicarbonates<\/li>\n<\/ul>\n","protected":false},"featured_media":53501,"template":"","meta":{"_themeisle_gutenberg_block_has_review":false},"product_brand":[],"product_cat":[2276,2216,2274],"product_tag":[],"class_list":{"0":"post-61145","1":"product","2":"type-product","3":"status-publish","4":"has-post-thumbnail","6":"product_cat-agent-mouillant-fr","7":"product_cat-gazon-professionnel-et-remise-en-etat-fr","8":"product_cat-gestion-de-leau-fr","10":"first","11":"instock","12":"shipping-taxable","13":"product-type-simple","14":"customify-col"},"_links":{"self":[{"href":"https:\/\/brettyoung.ca\/fr\/wp-json\/wp\/v2\/product\/61145","targetHints":{"allow":["GET"]}}],"collection":[{"href":"https:\/\/brettyoung.ca\/fr\/wp-json\/wp\/v2\/product"}],"about":[{"href":"https:\/\/brettyoung.ca\/fr\/wp-json\/wp\/v2\/types\/product"}],"wp:featuredmedia":[{"embeddable":true,"href":"https:\/\/brettyoung.ca\/fr\/wp-json\/wp\/v2\/media\/53501"}],"wp:attachment":[{"href":"https:\/\/brettyoung.ca\/fr\/wp-json\/wp\/v2\/media?parent=61145"}],"wp:term":[{"taxonomy":"product_brand","embeddable":true,"href":"https:\/\/brettyoung.ca\/fr\/wp-json\/wp\/v2\/product_brand?post=61145"},{"taxonomy":"product_cat","embeddable":true,"href":"https:\/\/brettyoung.ca\/fr\/wp-json\/wp\/v2\/product_cat?post=61145"},{"taxonomy":"product_tag","embeddable":true,"href":"https:\/\/brettyoung.ca\/fr\/wp-json\/wp\/v2\/product_tag?post=61145"}],"curies":[{"name":"wp","href":"https:\/\/api.w.org\/{rel}","templated":true}]}}