{"id":61066,"date":"2022-07-26T09:20:06","date_gmt":"2022-07-26T14:20:06","guid":{"rendered":"https:\/\/brettyoung.ca\/product\/dimension\/"},"modified":"2025-01-19T15:08:42","modified_gmt":"2025-01-19T21:08:42","slug":"dimension","status":"publish","type":"product","link":"https:\/\/brettyoung.ca\/fr\/product\/dimension\/","title":{"rendered":"Dimension"},"content":{"rendered":"","protected":false},"excerpt":{"rendered":"<ul>\n<li>Un contr\u00f4le efficace<\/li>\n<li>Longue fen\u00eatre d&rsquo;application<\/li>\n<li>Flexibilit\u00e9 d&rsquo;application, s\u00e9curit\u00e9 exceptionnelle des installations<\/li>\n<\/ul>\n","protected":false},"featured_media":53336,"template":"","meta":{"_themeisle_gutenberg_block_has_review":false},"product_brand":[],"product_cat":[2216,2247,2235],"product_tag":[],"class_list":{"0":"post-61066","1":"product","2":"type-product","3":"status-publish","4":"has-post-thumbnail","6":"product_cat-gazon-professionnel-et-remise-en-etat-fr","7":"product_cat-herbicides-fr-2","8":"product_cat-produit-de-controle-fr","10":"first","11":"instock","12":"shipping-taxable","13":"product-type-simple","14":"customify-col"},"_links":{"self":[{"href":"https:\/\/brettyoung.ca\/fr\/wp-json\/wp\/v2\/product\/61066","targetHints":{"allow":["GET"]}}],"collection":[{"href":"https:\/\/brettyoung.ca\/fr\/wp-json\/wp\/v2\/product"}],"about":[{"href":"https:\/\/brettyoung.ca\/fr\/wp-json\/wp\/v2\/types\/product"}],"wp:featuredmedia":[{"embeddable":true,"href":"https:\/\/brettyoung.ca\/fr\/wp-json\/wp\/v2\/media\/53336"}],"wp:attachment":[{"href":"https:\/\/brettyoung.ca\/fr\/wp-json\/wp\/v2\/media?parent=61066"}],"wp:term":[{"taxonomy":"product_brand","embeddable":true,"href":"https:\/\/brettyoung.ca\/fr\/wp-json\/wp\/v2\/product_brand?post=61066"},{"taxonomy":"product_cat","embeddable":true,"href":"https:\/\/brettyoung.ca\/fr\/wp-json\/wp\/v2\/product_cat?post=61066"},{"taxonomy":"product_tag","embeddable":true,"href":"https:\/\/brettyoung.ca\/fr\/wp-json\/wp\/v2\/product_tag?post=61066"}],"curies":[{"name":"wp","href":"https:\/\/api.w.org\/{rel}","templated":true}]}}