{"id":61062,"date":"2024-12-02T11:58:19","date_gmt":"2024-12-02T17:58:19","guid":{"rendered":"https:\/\/brettyoung.ca\/product\/ice-armour-system\/"},"modified":"2025-01-19T15:03:16","modified_gmt":"2025-01-19T21:03:16","slug":"ice-armour-system","status":"publish","type":"product","link":"https:\/\/brettyoung.ca\/fr\/product\/ice-armour-system\/","title":{"rendered":"Ice Armour System\u2122"},"content":{"rendered":"","protected":false},"excerpt":{"rendered":"<ul>\n<li>Prot\u00e8ge gr\u00e2ce \u00e0 l&rsquo;isolation, au blocage de l&rsquo;humidit\u00e9 et \u00e0 la circulation de l&rsquo;air.<\/li>\n<li>Personnalisable pour votre cours.<\/li>\n<li>Facile \u00e0 installer et \u00e0 entretenir.<\/li>\n<\/ul>\n","protected":false},"featured_media":53873,"template":"","meta":{"_themeisle_gutenberg_block_has_review":false},"product_brand":[],"product_cat":[2242,2216],"product_tag":[],"class_list":{"0":"post-61062","1":"product","2":"type-product","3":"status-publish","4":"has-post-thumbnail","6":"product_cat-couvertures-de-gazon-fr","7":"product_cat-gazon-professionnel-et-remise-en-etat-fr","9":"first","10":"instock","11":"shipping-taxable","12":"product-type-simple","13":"customify-col"},"_links":{"self":[{"href":"https:\/\/brettyoung.ca\/fr\/wp-json\/wp\/v2\/product\/61062","targetHints":{"allow":["GET"]}}],"collection":[{"href":"https:\/\/brettyoung.ca\/fr\/wp-json\/wp\/v2\/product"}],"about":[{"href":"https:\/\/brettyoung.ca\/fr\/wp-json\/wp\/v2\/types\/product"}],"wp:featuredmedia":[{"embeddable":true,"href":"https:\/\/brettyoung.ca\/fr\/wp-json\/wp\/v2\/media\/53873"}],"wp:attachment":[{"href":"https:\/\/brettyoung.ca\/fr\/wp-json\/wp\/v2\/media?parent=61062"}],"wp:term":[{"taxonomy":"product_brand","embeddable":true,"href":"https:\/\/brettyoung.ca\/fr\/wp-json\/wp\/v2\/product_brand?post=61062"},{"taxonomy":"product_cat","embeddable":true,"href":"https:\/\/brettyoung.ca\/fr\/wp-json\/wp\/v2\/product_cat?post=61062"},{"taxonomy":"product_tag","embeddable":true,"href":"https:\/\/brettyoung.ca\/fr\/wp-json\/wp\/v2\/product_tag?post=61062"}],"curies":[{"name":"wp","href":"https:\/\/api.w.org\/{rel}","templated":true}]}}