{"id":61057,"date":"2021-02-17T10:46:43","date_gmt":"2021-02-17T16:46:43","guid":{"rendered":"https:\/\/brettyoung.ca\/product\/banol-la-securite-de-lemploi\/"},"modified":"2025-06-25T13:36:56","modified_gmt":"2025-06-25T18:36:56","slug":"banol-la-securite-de-lemploi","status":"publish","type":"product","link":"https:\/\/brettyoung.ca\/fr\/product\/banol-la-securite-de-lemploi\/","title":{"rendered":"Banol\u00ae"},"content":{"rendered":"<div class=\"content\">\n<div class=\"field field-name-field-text field-type-text-long field-label-hidden\">\n<div class=\"field field-name-field-text field-type-text-long field-label-hidden\">\n<div class=\"field field-name-field-text field-type-text-long field-label-hidden\">\n<div class=\"field-item field-item-0\">\n<div class=\"field field-name-field-text field-type-text-long field-label-hidden\">\n<div class=\"field-item field-item-0\">\n<div class=\"content\">\n<div class=\"field field-name-field-text field-type-text-long field-label-hidden\">\n<div class=\"content\">\n<div class=\"field field-name-field-text field-type-text-long field-label-hidden\">\n<div class=\"field-item field-item-0\">\n<p><strong>MALADIES CONTR\u00d4L\u00c9ES  <\/strong><\/p>\n<table width=\"747\">\n<tbody>\n<tr>\n<td width=\"245\"><strong>Maladie<\/strong><\/td>\n<td width=\"251\"><strong>Taux <\/strong>(par 100<sup>m2)<\/sup><\/td>\n<td width=\"251\"><strong>Intervalle d&rsquo;application<\/strong><\/td>\n<\/tr>\n<tr>\n<td width=\"245\">Pythium Blight<\/td>\n<td width=\"251\">64 ml<\/td>\n<td width=\"251\">7-21 jours<\/td>\n<\/tr>\n<\/tbody>\n<\/table>\n<p><img decoding=\"async\" class=\"alignnone size-full wp-image-3497\" src=\"https:\/\/brettyoung.ca\/wp-content\/uploads\/2021\/02\/Banol-graph.png\" alt=\"\" width=\"526\" height=\"616\" title=\"-\" srcset=\"https:\/\/brettyoung.ca\/wp-content\/uploads\/2021\/02\/Banol-graph.png 526w, https:\/\/brettyoung.ca\/wp-content\/uploads\/2021\/02\/Banol-graph-256x300.png 256w\" sizes=\"(max-width: 526px) 100vw, 526px\" \/><\/p>\n<\/div>\n<\/div>\n<\/div>\n<\/div>\n<\/div>\n<\/div>\n<\/div>\n<\/div>\n<\/div>\n<\/div>\n<\/div>\n<\/div>\n","protected":false},"excerpt":{"rendered":"<ul>\n<li>Contr\u00f4le pr\u00e9ventif et curatif fiable du pythium<\/li>\n<li>Faible potentiel de r\u00e9sistance<\/li>\n<li>Aucun d\u00e9veloppement de r\u00e9sistance sur le terrain document\u00e9 depuis plus de 20 ans d&rsquo;utilisation commerciale<\/li>\n<\/ul>\n","protected":false},"featured_media":53334,"template":"","meta":{"_themeisle_gutenberg_block_has_review":false},"product_brand":[],"product_cat":[2236,2216,2235],"product_tag":[],"class_list":{"0":"post-61057","1":"product","2":"type-product","3":"status-publish","4":"has-post-thumbnail","6":"product_cat-fongicides-fr-2","7":"product_cat-gazon-professionnel-et-remise-en-etat-fr","8":"product_cat-produit-de-controle-fr","10":"first","11":"instock","12":"shipping-taxable","13":"product-type-simple","14":"customify-col"},"_links":{"self":[{"href":"https:\/\/brettyoung.ca\/fr\/wp-json\/wp\/v2\/product\/61057","targetHints":{"allow":["GET"]}}],"collection":[{"href":"https:\/\/brettyoung.ca\/fr\/wp-json\/wp\/v2\/product"}],"about":[{"href":"https:\/\/brettyoung.ca\/fr\/wp-json\/wp\/v2\/types\/product"}],"wp:featuredmedia":[{"embeddable":true,"href":"https:\/\/brettyoung.ca\/fr\/wp-json\/wp\/v2\/media\/53334"}],"wp:attachment":[{"href":"https:\/\/brettyoung.ca\/fr\/wp-json\/wp\/v2\/media?parent=61057"}],"wp:term":[{"taxonomy":"product_brand","embeddable":true,"href":"https:\/\/brettyoung.ca\/fr\/wp-json\/wp\/v2\/product_brand?post=61057"},{"taxonomy":"product_cat","embeddable":true,"href":"https:\/\/brettyoung.ca\/fr\/wp-json\/wp\/v2\/product_cat?post=61057"},{"taxonomy":"product_tag","embeddable":true,"href":"https:\/\/brettyoung.ca\/fr\/wp-json\/wp\/v2\/product_tag?post=61057"}],"curies":[{"name":"wp","href":"https:\/\/api.w.org\/{rel}","templated":true}]}}