{"id":61056,"date":"2023-07-01T09:16:48","date_gmt":"2023-07-01T14:16:48","guid":{"rendered":"https:\/\/brettyoung.ca\/product\/t2-premium-turf-blend-ultracoat\/"},"modified":"2026-02-24T13:48:02","modified_gmt":"2026-02-24T19:48:02","slug":"t2-premium-turf-blend-ultracoat","status":"publish","type":"product","link":"https:\/\/brettyoung.ca\/fr\/product\/t2-premium-turf-blend-ultracoat\/","title":{"rendered":"T2 Premium Turf Blend Ultracoat"},"content":{"rendered":"","protected":false},"excerpt":{"rendered":"<ul>\n<li>60 % de vari\u00e9t\u00e9s \u00e9lites de p\u00e2turin du Kentucky<\/li>\n<li>30% F\u00e9tuque rouge tra\u00e7ante Aberdeen<\/li>\n<li>10% Ray-grass vivace Dominator<\/li>\n<\/ul>\n","protected":false},"featured_media":52821,"template":"","meta":{"_themeisle_gutenberg_block_has_review":false},"product_brand":[],"product_cat":[2216,2218,2217],"product_tag":[],"class_list":{"0":"post-61056","1":"product","2":"type-product","3":"status-publish","4":"has-post-thumbnail","6":"product_cat-gazon-professionnel-et-remise-en-etat-fr","7":"product_cat-melanges-dactions-fr","8":"product_cat-semences-de-gazon-fr","10":"first","11":"instock","12":"shipping-taxable","13":"product-type-simple","14":"customify-col"},"_links":{"self":[{"href":"https:\/\/brettyoung.ca\/fr\/wp-json\/wp\/v2\/product\/61056","targetHints":{"allow":["GET"]}}],"collection":[{"href":"https:\/\/brettyoung.ca\/fr\/wp-json\/wp\/v2\/product"}],"about":[{"href":"https:\/\/brettyoung.ca\/fr\/wp-json\/wp\/v2\/types\/product"}],"wp:featuredmedia":[{"embeddable":true,"href":"https:\/\/brettyoung.ca\/fr\/wp-json\/wp\/v2\/media\/52821"}],"wp:attachment":[{"href":"https:\/\/brettyoung.ca\/fr\/wp-json\/wp\/v2\/media?parent=61056"}],"wp:term":[{"taxonomy":"product_brand","embeddable":true,"href":"https:\/\/brettyoung.ca\/fr\/wp-json\/wp\/v2\/product_brand?post=61056"},{"taxonomy":"product_cat","embeddable":true,"href":"https:\/\/brettyoung.ca\/fr\/wp-json\/wp\/v2\/product_cat?post=61056"},{"taxonomy":"product_tag","embeddable":true,"href":"https:\/\/brettyoung.ca\/fr\/wp-json\/wp\/v2\/product_tag?post=61056"}],"curies":[{"name":"wp","href":"https:\/\/api.w.org\/{rel}","templated":true}]}}