{"id":67287,"date":"2020-06-15T08:57:36","date_gmt":"2020-06-15T13:57:36","guid":{"rendered":"https:\/\/brettyoung.ca\/portail-professionnel-du-gazon-et-de-lassainissement\/exportation-dengrais\/"},"modified":"2025-10-24T14:42:24","modified_gmt":"2025-10-24T19:42:24","slug":"exportation-dengrais","status":"publish","type":"page","link":"https:\/\/brettyoung.ca\/fr\/portail-professionnel-du-gazon-et-de-lassainissement\/exportation-dengrais\/","title":{"rendered":"Exportation d&rsquo;engrais"},"content":{"rendered":"\n<div id=\"wp-block-themeisle-blocks-advanced-columns-9ecba88b\" class=\"wp-block-themeisle-blocks-advanced-columns alignfull has-1-columns has-desktop-equal-layout has-tablet-equal-layout has-mobile-equal-layout has-vertical-unset false-cover\"><div class=\"wp-block-themeisle-blocks-advanced-columns-overlay\"><\/div><div class=\"innerblocks-wrap\">\n<div id=\"wp-block-themeisle-blocks-advanced-column-fedc4193\" class=\"wp-block-themeisle-blocks-advanced-column ticss-fedc4193\">\n<div style=\"height:190px\" aria-hidden=\"true\" class=\"wp-block-spacer\"><\/div>\n\n\n\n<div id=\"wp-block-themeisle-blocks-advanced-columns-358aa8f0\" class=\"wp-block-themeisle-blocks-advanced-columns has-2-columns has-desktop-equal-layout has-tablet-equal-layout has-mobile-collapsedRows-layout has-vertical-unset\"><div class=\"wp-block-themeisle-blocks-advanced-columns-overlay\"><\/div><div class=\"innerblocks-wrap\">\n<div id=\"wp-block-themeisle-blocks-advanced-column-8ed2e447\" class=\"wp-block-themeisle-blocks-advanced-column\">\n<h1 class=\"wp-block-heading border-bottom has-central-palette-2-color has-text-color\">ENGRAIS D&rsquo;EXPORTATION<\/h1>\n<\/div>\n\n\n\n<div id=\"wp-block-themeisle-blocks-advanced-column-02bab75e\" class=\"wp-block-themeisle-blocks-advanced-column\"><\/div>\n<\/div><\/div>\n\n\n\n<div style=\"height:190px\" aria-hidden=\"true\" class=\"wp-block-spacer\"><\/div>\n<\/div>\n<\/div><\/div>\n\n<div id=\"wp-block-themeisle-blocks-advanced-columns-9f5fe34e\" class=\"wp-block-themeisle-blocks-advanced-columns has-1-columns has-desktop-equal-layout has-tablet-equal-layout has-mobile-equal-layout has-vertical-unset\"><div class=\"wp-block-themeisle-blocks-advanced-columns-overlay\"><\/div><div class=\"innerblocks-wrap\">\n<div id=\"wp-block-themeisle-blocks-advanced-column-4aec0bad\" class=\"wp-block-themeisle-blocks-advanced-column\">\n<div id=\"wp-block-themeisle-blocks-advanced-columns-1cd1a597\" class=\"wp-block-themeisle-blocks-advanced-columns has-2-columns has-desktop-twoOne-layout has-tablet-equal-layout has-mobile-collapsedRows-layout has-vertical-unset\"><div class=\"wp-block-themeisle-blocks-advanced-columns-overlay\"><\/div><div class=\"innerblocks-wrap\">\n<div id=\"wp-block-themeisle-blocks-advanced-column-73c25c5c\" class=\"wp-block-themeisle-blocks-advanced-column\">\n<h2 class=\"wp-block-heading\">Chaque nutriment. Chaque granule.<\/h2>\n\n\n\n<p>Tru-prill\u00ae est le propre engrais homog\u00e8ne de BrettYoung, et les formulations de notre gamme de produits ont la confiance des chefs d&rsquo;entreprise du monde entier.  <\/p>\n\n\n\n<p>Chaque granule Tru-prill se disperse en microparticules tr\u00e8s fines lors de l&rsquo;irrigation, ce qui lui permet de se disperser compl\u00e8tement dans le couvert v\u00e9g\u00e9tal. Une fois appliqu\u00e9, il suffit d&rsquo;ouvrir l&rsquo;eau pour que Tru-prill se mette au travail.<\/p>\n\n\n\n<p>COUVERTURE COMPL\u00c8TE DES NUTRIMENTS<\/p>\n\n\n\n<p>Les engrais Tru-prill ont de multiples sources d&rsquo;azote \u00e0 lib\u00e9ration lente et des formulations compl\u00e8tes, ce qui vous permet de r\u00e9duire vos apports en granul\u00e9s et d&rsquo;am\u00e9liorer la sant\u00e9 de votre gazon.<\/p>\n\n\n\n<p>M\u00eame \u00e0 faible dose, Tru-prill permet d&rsquo;obtenir une couverture compl\u00e8te des \u00e9l\u00e9ments nutritifs sans moucheture gr\u00e2ce \u00e0 la technologie dispersible, ce qui permet aux responsables de l&rsquo;entretien des pelouses d&rsquo;\u00e9conomiser du temps et de l&rsquo;argent.<\/p>\n<\/div>\n\n\n\n<div id=\"wp-block-themeisle-blocks-advanced-column-c8f8de9c\" class=\"wp-block-themeisle-blocks-advanced-column\">\n<h2 class=\"wp-block-heading wp-embed-aspect-16-9 wp-has-aspect-ratio\">Cat\u00e9gories<\/h2>\n\n\n\n<div style=\"height:30px\" aria-hidden=\"true\" class=\"wp-block-spacer wp-embed-aspect-16-9 wp-has-aspect-ratio\"><\/div>\n\n\n\n<div class=\"wp-block-columns wp-embed-aspect-16-9 wp-has-aspect-ratio is-layout-flex wp-container-core-columns-is-layout-9d6595d7 wp-block-columns-is-layout-flex\">\n<div class=\"wp-block-column ticss-4c620ba3 is-layout-flow wp-block-column-is-layout-flow\"><div class=\"wp-block-image\">\n<figure class=\"aligncenter size-full is-resized\"><img decoding=\"async\" width=\"480\" height=\"464\" src=\"https:\/\/brettyoung.ca\/wp-content\/uploads\/2023\/04\/Fertilizer_TURQUOISE-480x464-1.jpg\" alt=\"\" class=\"wp-image-38219\" style=\"width:250px\" title=\"-\"><\/figure>\n<\/div>\n\n\n<p class=\"has-text-align-center\"><strong><a href=\"https:\/\/brettyoung.ca\/fr\/product-category\/gazon-professionnel-et-remise-en-etat-fr\/engrais-fr\/\">Engrais &lsquo;<\/a><\/strong><\/p>\n<\/div>\n<\/div>\n<\/div>\n<\/div><\/div>\n\n\n\n<div style=\"height:40px\" aria-hidden=\"true\" class=\"wp-block-spacer wp-embed-aspect-16-9 wp-has-aspect-ratio\"><\/div>\n\n\n\n<div style=\"height:60px\" aria-hidden=\"true\" class=\"wp-block-spacer wp-embed-aspect-16-9 wp-has-aspect-ratio\"><\/div>\n\n\n\n<div id=\"wp-block-themeisle-blocks-advanced-columns-476be731\" class=\"wp-block-themeisle-blocks-advanced-columns has-2-columns has-desktop-equal-layout has-tablet-equal-layout has-mobile-collapsedRows-layout has-vertical-unset wp-embed-aspect-16-9 wp-has-aspect-ratio\"><div class=\"wp-block-themeisle-blocks-advanced-columns-overlay\"><\/div><div class=\"innerblocks-wrap\">\n<div id=\"wp-block-themeisle-blocks-advanced-column-d39640dd\" class=\"wp-block-themeisle-blocks-advanced-column has-dark-bg\">\n<figure class=\"wp-block-image size-full ticss-bacd507d\"><img decoding=\"async\" width=\"826\" height=\"390\" src=\"https:\/\/brettyoung.ca\/wp-content\/uploads\/2023\/04\/RAM_Button.jpg\" alt=\"\" class=\"wp-image-38189\" title=\"-\" srcset=\"https:\/\/brettyoung.ca\/wp-content\/uploads\/2023\/04\/RAM_Button.jpg 826w, https:\/\/brettyoung.ca\/wp-content\/uploads\/2023\/04\/RAM_Button-600x283.jpg 600w\" sizes=\"(max-width: 826px) 100vw, 826px\" \/><\/figure>\n\n\n\n<div id=\"wp-block-themeisle-blocks-advanced-columns-2e4c01ae\" class=\"wp-block-themeisle-blocks-advanced-columns has-1-columns has-desktop-equal-layout has-tablet-equal-layout has-mobile-equal-layout has-vertical-unset\"><div class=\"wp-block-themeisle-blocks-advanced-columns-overlay\"><\/div><div class=\"innerblocks-wrap\">\n<div id=\"wp-block-themeisle-blocks-advanced-column-984a5251\" class=\"wp-block-themeisle-blocks-advanced-column\">\n<p><strong>Contactez un gestionnaire de compte r\u00e9gional<\/strong><\/p>\n\n\n\n<p><a style=\"box-sizing: border-box; margin: 0px; padding: 0px; border: 0px; text-size-adjust: 100%; vertical-align: baseline; background: rgb(51, 102, 153); color: white; text-decoration-line: underline; font-family: \" open=\"\" sans=\"\" helvetica=\"\" arial=\"\" lucida=\"\" sans-serif=\"\" white-space:=\"\" normal=\"\" href=\"https:\/\/brettyoung.ca\/professional-turf-reclamation-portal\/contacts\/\">Cliquez ici &lsquo;<\/a><\/p>\n<\/div>\n<\/div><\/div>\n<\/div>\n\n\n\n<div id=\"wp-block-themeisle-blocks-advanced-column-4a1233fc\" class=\"wp-block-themeisle-blocks-advanced-column\"><\/div>\n<\/div><\/div>\n\n\n\n<div style=\"height:60px\" aria-hidden=\"true\" class=\"wp-block-spacer wp-embed-aspect-16-9 wp-has-aspect-ratio\"><\/div>\n\n\n\n<div id=\"wp-block-themeisle-blocks-advanced-columns-df63aa73\" class=\"wp-block-themeisle-blocks-advanced-columns has-1-columns has-desktop-equal-layout has-tablet-equal-layout has-mobile-equal-layout has-vertical-unset wp-embed-aspect-16-9 wp-has-aspect-ratio\"><div class=\"wp-block-themeisle-blocks-advanced-columns-overlay\"><\/div><div class=\"innerblocks-wrap\">\n<div id=\"wp-block-themeisle-blocks-advanced-column-c3b2001e\" class=\"wp-block-themeisle-blocks-advanced-column\">\n<div id=\"wp-block-themeisle-blocks-advanced-columns-b30910d8\" class=\"wp-block-themeisle-blocks-advanced-columns has-2-columns has-desktop-equal-layout has-tablet-equal-layout has-mobile-collapsedRows-layout has-vertical-unset\"><div class=\"wp-block-themeisle-blocks-advanced-columns-overlay\"><\/div><div class=\"innerblocks-wrap\">\n<div id=\"wp-block-themeisle-blocks-advanced-column-93441b38\" class=\"wp-block-themeisle-blocks-advanced-column\"><div class=\"wp-block-image\">\n<figure class=\"aligncenter size-full is-resized\"><img decoding=\"async\" width=\"270\" height=\"300\" src=\"https:\/\/brettyoung.ca\/wp-content\/uploads\/2023\/04\/Thumbnail_Tru_Pill_Brochure-270x300-1-1.jpg\" alt=\"\" class=\"wp-image-38687\" style=\"width:250px\" title=\"-\"><\/figure>\n<\/div><\/div>\n\n\n\n<div id=\"wp-block-themeisle-blocks-advanced-column-a8359ed0\" class=\"wp-block-themeisle-blocks-advanced-column\">\n<h3 class=\"wp-block-heading\">Consultez la brochure sur les engrais Tru-Prill<\/h3>\n\n\n\n<p><strong><a href=\"https:\/\/brettyoung.ca\/wp-content\/uploads\/2021\/12\/BrettYoung-Tru-pill-Brochure-Final-WebV2.pdf\" target=\"_blank\" rel=\"noreferrer noopener\">Voir la brochure &lsquo;<\/a><\/strong><\/p>\n<\/div>\n<\/div><\/div>\n<\/div>\n<\/div><\/div>\n\n\n\n<div style=\"height:40px\" aria-hidden=\"true\" class=\"wp-block-spacer\"><\/div>\n\n\n\n<div class=\"wp-block-group wp-embed-aspect-16-9 wp-has-aspect-ratio\"><div class=\"wp-block-group__inner-container is-layout-constrained wp-block-group-is-layout-constrained\">\n<h2 class=\"wp-block-heading border-bottom\">Communiqu\u00e9s de presse<\/h2>\n\n\n\n<div class=\"wp-block-query is-layout-flow wp-block-query-is-layout-flow\"><ul class=\"wp-block-post-template is-layout-flow wp-block-post-template-is-layout-flow\"><li class=\"wp-block-post post-61822 post type-post status-publish format-standard has-post-thumbnail hentry category-gazon-professionnel-et-remise-en-etat category-graines-de-fourrage-et-de-gazon-en-gros category-nouvelles category-production-de-semences category-semences-agricoles-et-intrants-agricoles\">\n\n<div class=\"wp-block-columns alignwide ticss-0b14d85b is-layout-flex wp-container-core-columns-is-layout-9d6595d7 wp-block-columns-is-layout-flex\">\n<div class=\"wp-block-column is-layout-flow wp-block-column-is-layout-flow\" style=\"flex-basis:40%\"><figure style=\"width:100%;\" class=\"ticss-416a82c9 wp-block-post-featured-image\"><a href=\"https:\/\/brettyoung.ca\/fr\/brettyoung-recoit-le-statut-de-club-platine-des-societes-les-mieux-gerees\/\" target=\"_self\"  ><img decoding=\"async\" width=\"1832\" height=\"1161\" src=\"https:\/\/brettyoung.ca\/wp-content\/uploads\/2024\/05\/BM_Logo_2018-Platinum-Black_V-EN-RGB.png\" class=\"attachment-post-thumbnail size-post-thumbnail wp-post-image\" alt=\"BrettYoung re\u00e7oit le statut de club platine des soci\u00e9t\u00e9s les mieux g\u00e9r\u00e9es\" style=\"object-fit:cover;\" srcset=\"https:\/\/brettyoung.ca\/wp-content\/uploads\/2024\/05\/BM_Logo_2018-Platinum-Black_V-EN-RGB.png 1832w, https:\/\/brettyoung.ca\/wp-content\/uploads\/2024\/05\/BM_Logo_2018-Platinum-Black_V-EN-RGB-300x190.png 300w, https:\/\/brettyoung.ca\/wp-content\/uploads\/2024\/05\/BM_Logo_2018-Platinum-Black_V-EN-RGB-600x380.png 600w, https:\/\/brettyoung.ca\/wp-content\/uploads\/2024\/05\/BM_Logo_2018-Platinum-Black_V-EN-RGB-1024x649.png 1024w, https:\/\/brettyoung.ca\/wp-content\/uploads\/2024\/05\/BM_Logo_2018-Platinum-Black_V-EN-RGB-768x487.png 768w, https:\/\/brettyoung.ca\/wp-content\/uploads\/2024\/05\/BM_Logo_2018-Platinum-Black_V-EN-RGB-1536x973.png 1536w\" sizes=\"(max-width: 1832px) 100vw, 1832px\" title=\"-\"><\/a><\/figure><\/div>\n\n\n\n<div class=\"wp-block-column ticss-3ca6c1c5 is-layout-flow wp-block-column-is-layout-flow\" style=\"flex-basis:60%\"><h2 style=\"font-size:24px;\" class=\"ticss-7b7e2430 wp-block-post-title\"><a href=\"https:\/\/brettyoung.ca\/fr\/brettyoung-recoit-le-statut-de-club-platine-des-societes-les-mieux-gerees\/\" target=\"_self\" >BrettYoung re\u00e7oit le statut de club platine des soci\u00e9t\u00e9s les mieux g\u00e9r\u00e9es<\/a><\/h2>\n\n<div class=\"taxonomy-category wp-block-post-terms has-text-color has-central-palette-8-color\"><a href=\"https:\/\/brettyoung.ca\/fr\/category\/gazon-professionnel-et-remise-en-etat\/\" rel=\"tag\">Gazon professionnel et remise en \u00e9tat<\/a><span class=\"wp-block-post-terms__separator\">, <\/span><a href=\"https:\/\/brettyoung.ca\/fr\/category\/graines-de-fourrage-et-de-gazon-en-gros\/\" rel=\"tag\">Graines de fourrage et de gazon en gros<\/a><span class=\"wp-block-post-terms__separator\">, <\/span><a href=\"https:\/\/brettyoung.ca\/fr\/category\/nouvelles\/\" rel=\"tag\">Nouvelles<\/a><span class=\"wp-block-post-terms__separator\">, <\/span><a href=\"https:\/\/brettyoung.ca\/fr\/category\/production-de-semences\/\" rel=\"tag\">Production de semences<\/a><span class=\"wp-block-post-terms__separator\">, <\/span><a href=\"https:\/\/brettyoung.ca\/fr\/category\/semences-agricoles-et-intrants-agricoles\/\" rel=\"tag\">Semences agricoles et intrants agricoles<\/a><\/div>\n\n\n<div style=\"height:30px\" aria-hidden=\"true\" class=\"wp-block-spacer\"><\/div>\n\n\n<div class=\"wp-block-post-excerpt\"><p class=\"wp-block-post-excerpt__excerpt\">Winnipeg, MB &#8211; 14 mai 2024 &#8211; BrettYoung\u2122 est laur\u00e9ate en 2024 du titre de Club Platine des soci\u00e9t\u00e9s les mieux g\u00e9r\u00e9es au Canada, ayant<\/p><p class=\"wp-block-post-excerpt__more-text\"><a class=\"wp-block-post-excerpt__more-link\" href=\"https:\/\/brettyoung.ca\/fr\/brettyoung-recoit-le-statut-de-club-platine-des-societes-les-mieux-gerees\/\"><a href=\"https:\/\/brettyoung.ca\/your-forage-establishment-our-guarantee\/\">Lire la suite &lsquo;<\/a><\/a><\/p><\/div><\/div>\n<\/div>\n\n<\/li><li class=\"wp-block-post post-61828 post type-post status-publish format-standard has-post-thumbnail hentry category-gazon-professionnel-et-remise-en-etat category-graines-de-fourrage-et-de-gazon-en-gros category-nouvelles category-production-de-semences category-semences-agricoles-et-intrants-agricoles\">\n\n<div class=\"wp-block-columns alignwide ticss-0b14d85b is-layout-flex wp-container-core-columns-is-layout-9d6595d7 wp-block-columns-is-layout-flex\">\n<div class=\"wp-block-column is-layout-flow wp-block-column-is-layout-flow\" style=\"flex-basis:40%\"><figure style=\"width:100%;\" class=\"ticss-416a82c9 wp-block-post-featured-image\"><a href=\"https:\/\/brettyoung.ca\/fr\/ouverture-de-la-nouvelle-installation-de-pointe-de-brettyoung-pour-le-traitement-des-semences-de-gazon\/\" target=\"_self\"  ><img decoding=\"async\" width=\"1920\" height=\"1080\" src=\"https:\/\/brettyoung.ca\/wp-content\/uploads\/2024\/03\/Drone-20232.jpg\" class=\"attachment-post-thumbnail size-post-thumbnail wp-post-image\" alt=\"Ouverture de la nouvelle installation de pointe de BrettYoung pour le traitement des semences de gazon\" style=\"object-fit:cover;\" srcset=\"https:\/\/brettyoung.ca\/wp-content\/uploads\/2024\/03\/Drone-20232.jpg 1920w, https:\/\/brettyoung.ca\/wp-content\/uploads\/2024\/03\/Drone-20232-300x169.jpg 300w, https:\/\/brettyoung.ca\/wp-content\/uploads\/2024\/03\/Drone-20232-768x432.jpg 768w, https:\/\/brettyoung.ca\/wp-content\/uploads\/2024\/03\/Drone-20232-1024x576.jpg 1024w, https:\/\/brettyoung.ca\/wp-content\/uploads\/2024\/03\/Drone-20232-1536x864.jpg 1536w, https:\/\/brettyoung.ca\/wp-content\/uploads\/2024\/03\/Drone-20232-600x338.jpg 600w\" sizes=\"(max-width: 1920px) 100vw, 1920px\" title=\"-\"><\/a><\/figure><\/div>\n\n\n\n<div class=\"wp-block-column ticss-3ca6c1c5 is-layout-flow wp-block-column-is-layout-flow\" style=\"flex-basis:60%\"><h2 style=\"font-size:24px;\" class=\"ticss-7b7e2430 wp-block-post-title\"><a href=\"https:\/\/brettyoung.ca\/fr\/ouverture-de-la-nouvelle-installation-de-pointe-de-brettyoung-pour-le-traitement-des-semences-de-gazon\/\" target=\"_self\" >Ouverture de la nouvelle installation de pointe de BrettYoung pour le traitement des semences de gazon<\/a><\/h2>\n\n<div class=\"taxonomy-category wp-block-post-terms has-text-color has-central-palette-8-color\"><a href=\"https:\/\/brettyoung.ca\/fr\/category\/gazon-professionnel-et-remise-en-etat\/\" rel=\"tag\">Gazon professionnel et remise en \u00e9tat<\/a><span class=\"wp-block-post-terms__separator\">, <\/span><a href=\"https:\/\/brettyoung.ca\/fr\/category\/graines-de-fourrage-et-de-gazon-en-gros\/\" rel=\"tag\">Graines de fourrage et de gazon en gros<\/a><span class=\"wp-block-post-terms__separator\">, <\/span><a href=\"https:\/\/brettyoung.ca\/fr\/category\/nouvelles\/\" rel=\"tag\">Nouvelles<\/a><span class=\"wp-block-post-terms__separator\">, <\/span><a href=\"https:\/\/brettyoung.ca\/fr\/category\/production-de-semences\/\" rel=\"tag\">Production de semences<\/a><span class=\"wp-block-post-terms__separator\">, <\/span><a href=\"https:\/\/brettyoung.ca\/fr\/category\/semences-agricoles-et-intrants-agricoles\/\" rel=\"tag\">Semences agricoles et intrants agricoles<\/a><\/div>\n\n\n<div style=\"height:30px\" aria-hidden=\"true\" class=\"wp-block-spacer\"><\/div>\n\n\n<div class=\"wp-block-post-excerpt\"><p class=\"wp-block-post-excerpt__excerpt\">WINNIPEG, MB &#8211; BrettYoung grandit &#8211; et ses capacit\u00e9s op\u00e9rationnelles aussi. Pour r\u00e9pondre \u00e0 la demande de ses clients qui desservent les march\u00e9s mondiaux des<\/p><p class=\"wp-block-post-excerpt__more-text\"><a class=\"wp-block-post-excerpt__more-link\" href=\"https:\/\/brettyoung.ca\/fr\/ouverture-de-la-nouvelle-installation-de-pointe-de-brettyoung-pour-le-traitement-des-semences-de-gazon\/\"><a href=\"https:\/\/brettyoung.ca\/your-forage-establishment-our-guarantee\/\">Lire la suite &lsquo;<\/a><\/a><\/p><\/div><\/div>\n<\/div>\n\n<\/li><li class=\"wp-block-post post-67289 post type-post status-publish format-standard has-post-thumbnail hentry category-gazon-professionnel-et-remise-en-etat category-graines-de-fourrage-et-de-gazon-en-gros category-nouvelles category-production-de-semences category-semences-agricoles-et-intrants-agricoles\">\n\n<div class=\"wp-block-columns alignwide ticss-0b14d85b is-layout-flex wp-container-core-columns-is-layout-9d6595d7 wp-block-columns-is-layout-flex\">\n<div class=\"wp-block-column is-layout-flow wp-block-column-is-layout-flow\" style=\"flex-basis:40%\"><figure style=\"width:100%;\" class=\"ticss-416a82c9 wp-block-post-featured-image\"><a href=\"https:\/\/brettyoung.ca\/fr\/evolution-du-leadership-chez-brettyoung\/\" target=\"_self\"  ><img decoding=\"async\" width=\"900\" height=\"450\" src=\"https:\/\/brettyoung.ca\/wp-content\/uploads\/2023\/07\/lloyderik.jpg\" class=\"attachment-post-thumbnail size-post-thumbnail wp-post-image\" alt=\"Evolution du leadership chez BrettYoung\" style=\"object-fit:cover;\" srcset=\"https:\/\/brettyoung.ca\/wp-content\/uploads\/2023\/07\/lloyderik.jpg 900w, https:\/\/brettyoung.ca\/wp-content\/uploads\/2023\/07\/lloyderik-300x150.jpg 300w, https:\/\/brettyoung.ca\/wp-content\/uploads\/2023\/07\/lloyderik-768x384.jpg 768w, https:\/\/brettyoung.ca\/wp-content\/uploads\/2023\/07\/lloyderik-600x300.jpg 600w\" sizes=\"(max-width: 900px) 100vw, 900px\" title=\"-\"><\/a><\/figure><\/div>\n\n\n\n<div class=\"wp-block-column ticss-3ca6c1c5 is-layout-flow wp-block-column-is-layout-flow\" style=\"flex-basis:60%\"><h2 style=\"font-size:24px;\" class=\"ticss-7b7e2430 wp-block-post-title\"><a href=\"https:\/\/brettyoung.ca\/fr\/evolution-du-leadership-chez-brettyoung\/\" target=\"_self\" >Evolution du leadership chez BrettYoung<\/a><\/h2>\n\n<div class=\"taxonomy-category wp-block-post-terms has-text-color has-central-palette-8-color\"><a href=\"https:\/\/brettyoung.ca\/fr\/category\/gazon-professionnel-et-remise-en-etat\/\" rel=\"tag\">Gazon professionnel et remise en \u00e9tat<\/a><span class=\"wp-block-post-terms__separator\">, <\/span><a href=\"https:\/\/brettyoung.ca\/fr\/category\/graines-de-fourrage-et-de-gazon-en-gros\/\" rel=\"tag\">Graines de fourrage et de gazon en gros<\/a><span class=\"wp-block-post-terms__separator\">, <\/span><a href=\"https:\/\/brettyoung.ca\/fr\/category\/nouvelles\/\" rel=\"tag\">Nouvelles<\/a><span class=\"wp-block-post-terms__separator\">, <\/span><a href=\"https:\/\/brettyoung.ca\/fr\/category\/production-de-semences\/\" rel=\"tag\">Production de semences<\/a><span class=\"wp-block-post-terms__separator\">, <\/span><a href=\"https:\/\/brettyoung.ca\/fr\/category\/semences-agricoles-et-intrants-agricoles\/\" rel=\"tag\">Semences agricoles et intrants agricoles<\/a><\/div>\n\n\n<div style=\"height:30px\" aria-hidden=\"true\" class=\"wp-block-spacer\"><\/div>\n\n\n<div class=\"wp-block-post-excerpt\"><p class=\"wp-block-post-excerpt__excerpt\">POUR PUBLICATION IMM\u00c9DIATE 4 juillet 2023 WINNIPEG, MB &#8211; Dans le cadre de son plan de continuit\u00e9 du leadership, le conseil d&rsquo;administration de BrettYoung a<\/p><p class=\"wp-block-post-excerpt__more-text\"><a class=\"wp-block-post-excerpt__more-link\" href=\"https:\/\/brettyoung.ca\/fr\/evolution-du-leadership-chez-brettyoung\/\"><a href=\"https:\/\/brettyoung.ca\/your-forage-establishment-our-guarantee\/\">Lire la suite &lsquo;<\/a><\/a><\/p><\/div><\/div>\n<\/div>\n\n<\/li><\/ul><\/div>\n\n\n\n<div class=\"wp-block-group\"><div class=\"wp-block-group__inner-container is-layout-constrained wp-block-group-is-layout-constrained\">\n<div class=\"taggbox-container\" style=\"width: 100%; height: 100%; overflow: scroll; padding: 0px; padding-bottom: 3em;\"><script defer src=\"https:\/\/widget.taggbox.com\/embed.min.js\" type=\"text\/javascript\"><\/script><\/div>\n<\/div><\/div>\n<\/div><\/div>\n<\/div>\n<\/div><\/div>\n","protected":false},"excerpt":{"rendered":"","protected":false},"author":23,"featured_media":0,"parent":61049,"menu_order":0,"comment_status":"closed","ping_status":"closed","template":"","meta":{"_themeisle_gutenberg_block_has_review":false,"footnotes":""},"class_list":["post-67287","page","type-page","status-publish","hentry"],"_links":{"self":[{"href":"https:\/\/brettyoung.ca\/fr\/wp-json\/wp\/v2\/pages\/67287","targetHints":{"allow":["GET"]}}],"collection":[{"href":"https:\/\/brettyoung.ca\/fr\/wp-json\/wp\/v2\/pages"}],"about":[{"href":"https:\/\/brettyoung.ca\/fr\/wp-json\/wp\/v2\/types\/page"}],"author":[{"embeddable":true,"href":"https:\/\/brettyoung.ca\/fr\/wp-json\/wp\/v2\/users\/23"}],"replies":[{"embeddable":true,"href":"https:\/\/brettyoung.ca\/fr\/wp-json\/wp\/v2\/comments?post=67287"}],"version-history":[{"count":0,"href":"https:\/\/brettyoung.ca\/fr\/wp-json\/wp\/v2\/pages\/67287\/revisions"}],"up":[{"embeddable":true,"href":"https:\/\/brettyoung.ca\/fr\/wp-json\/wp\/v2\/pages\/61049"}],"wp:attachment":[{"href":"https:\/\/brettyoung.ca\/fr\/wp-json\/wp\/v2\/media?parent=67287"}],"curies":[{"name":"wp","href":"https:\/\/api.w.org\/{rel}","templated":true}]}}