{"id":64195,"date":"2020-06-15T10:37:04","date_gmt":"2020-06-15T15:37:04","guid":{"rendered":"https:\/\/brettyoung.ca\/accueil-2\/"},"modified":"2026-02-24T18:05:46","modified_gmt":"2026-02-25T00:05:46","slug":"accueil-2","status":"publish","type":"page","link":"https:\/\/brettyoung.ca\/fr\/","title":{"rendered":"Accueil"},"content":{"rendered":"\n\n\n\n<div class=\"wp-block-columns entry-container ticss-adba653a is-layout-flex wp-container-core-columns-is-layout-9d6595d7 wp-block-columns-is-layout-flex\">\n<div class=\"wp-block-column is-layout-flow wp-block-column-is-layout-flow\">\n<h2 class=\"wp-block-heading ticss-df713746\">Le plus grand semencier ind\u00e9pendant du Canada<\/h2>\n\n\n\n<figure class=\"wp-block-image size-full is-resized\"><img decoding=\"async\" src=\"https:\/\/brettyoung.ca\/wp-content\/uploads\/2024\/05\/BM_Logo_2018-Platinum-Pri_H-EN-RGB-e1718287489570.png\" alt=\"\" class=\"wp-image-45848\" style=\"aspect-ratio:2.727272727272727;object-fit:contain;width:345px;height:auto\" title=\"-\"><\/figure>\n<\/div>\n\n\n\n<div class=\"wp-block-column is-layout-flow wp-block-column-is-layout-flow\" style=\"flex-basis:10px\"><\/div>\n\n\n\n<div class=\"wp-block-column is-layout-flow wp-block-column-is-layout-flow\">\n<p>Gr\u00e2ce \u00e0 vous, BrettYoung a r\u00e9cemment obtenu le statut Platine dans le cadre du programme des soci\u00e9t\u00e9s les mieux g\u00e9r\u00e9es au Canada. Le statut Platine est accord\u00e9 aux entreprises qui ont obtenu le titre de Mieux g\u00e9r\u00e9es pendant au moins sept ann\u00e9es cons\u00e9cutives.   <\/p>\n\n\n\n<p>Cr\u00e9\u00e9 il y a plus de 30 ans, le programme des soci\u00e9t\u00e9s les mieux g\u00e9r\u00e9es au Canada reste l&rsquo;un des principaux programmes de r\u00e9compenses commerciales du pays, qui reconna\u00eet les entreprises d\u00e9tenues et g\u00e9r\u00e9es par des Canadiens pour leurs pratiques commerciales novatrices et de classe mondiale. Les laur\u00e9ats du programme font partie des organisations les plus performantes qui font preuve de leadership dans les domaines de la strat\u00e9gie, des capacit\u00e9s, de l&rsquo;innovation, de la culture, de l&rsquo;engagement et des finances afin de parvenir \u00e0 une croissance durable. <\/p>\n\n\n\n<p>Ce prix continue \u00e9galement \u00e0 valider l&rsquo;excellent travail de toute l&rsquo;\u00e9quipe de BrettYoung qui r\u00e9pond chaque jour aux besoins de nos incroyables clients. Il reconna\u00eet \u00e9galement les fournisseurs exceptionnels de BrettYoung qui font partie int\u00e9grante de la valeur que nous offrons \u00e0 nos clients. Gr\u00e2ce \u00e0 vous, nous grandissons et nous nous consid\u00e9rons chanceux d&rsquo;avoir des clients qui veulent faire plus d&rsquo;affaires avec BrettYoung. Nous sommes l\u00e0 pour vous aider &#8211; parlez \u00e0 votre repr\u00e9sentant BrettYoung d\u00e8s aujourd&rsquo;hui.   <\/p>\n\n\n\n<div class=\"wp-block-buttons is-layout-flex wp-block-buttons-is-layout-flex\">\n<div class=\"wp-block-button\"><a class=\"wp-block-button__link has-central-palette-5-background-color has-background wp-element-button\" href=\"https:\/\/brettyoung.ca\/fr\/brettyoung-recoit-le-statut-de-club-platine-des-societes-les-mieux-gerees\/\">En savoir plus<\/a><\/div>\n<\/div>\n<\/div>\n<\/div>\n\n\n\n<div id=\"wp-block-themeisle-blocks-advanced-columns-ff465257\" class=\"wp-block-themeisle-blocks-advanced-columns has-2-columns has-desktop-equal-layout has-tablet-collapsedRows-layout has-mobile-collapsedRows-layout has-vertical-unset\"><div class=\"wp-block-themeisle-blocks-advanced-columns-overlay\"><\/div><div class=\"innerblocks-wrap\">\n<div id=\"wp-block-themeisle-blocks-advanced-column-3a8113a0\" class=\"wp-block-themeisle-blocks-advanced-column\">\n<div class=\"wp-block-cover aligncenter\"><img decoding=\"async\" width=\"910\" height=\"619\" class=\"wp-block-cover__image-background wp-image-63441\" alt=\"\" src=\"https:\/\/brettyoung.ca\/wp-content\/uploads\/2025\/03\/by-office-1.jpg\" style=\"object-position:45% 69%\" data-object-fit=\"cover\" data-object-position=\"45% 69%\" title=\"-\" srcset=\"https:\/\/brettyoung.ca\/wp-content\/uploads\/2025\/03\/by-office-1.jpg 910w, https:\/\/brettyoung.ca\/wp-content\/uploads\/2025\/03\/by-office-1-300x204.jpg 300w, https:\/\/brettyoung.ca\/wp-content\/uploads\/2025\/03\/by-office-1-600x408.jpg 600w, https:\/\/brettyoung.ca\/wp-content\/uploads\/2025\/03\/by-office-1-768x522.jpg 768w\" sizes=\"(max-width: 910px) 100vw, 910px\" \/><span aria-hidden=\"true\" class=\"wp-block-cover__background has-background-dim-0 has-background-dim\" style=\"background-color:#67706f\"><\/span><div class=\"wp-block-cover__inner-container is-layout-flow wp-block-cover-is-layout-flow\">\n<div class=\"wp-block-columns is-layout-flex wp-container-core-columns-is-layout-9d6595d7 wp-block-columns-is-layout-flex\">\n<div class=\"wp-block-column is-layout-flow wp-block-column-is-layout-flow\">\n<div class=\"wp-block-group ticss-7503985c has-central-palette-2-background-color has-background\"><div class=\"wp-block-group__inner-container is-layout-constrained wp-block-group-is-layout-constrained\">\n<h3 class=\"wp-block-heading has-large-font-size\">A propos de nous<\/h3>\n\n\n\n<p>BrettYoung est une entreprise agricole familiale priv\u00e9e dont le si\u00e8ge social se trouve \u00e0 Winnipeg (Manitoba), au Canada. Fiers de nos presque 90 ans d&rsquo;histoire dans l&rsquo;agriculture, nous employons environ 250 personnes dans plusieurs installations de transformation et de distribution au Canada et dans divers territoires de vente \u00e0 travers l&rsquo;Am\u00e9rique du Nord, au service de clients sur trois march\u00e9s distincts. <\/p>\n\n\n\n<p><strong><a href=\"https:\/\/brettyoung.ca\/fr\/a-propos-de-nous\/\" data-type=\"link\" data-id=\"https:\/\/brettyoung.ca\/fr\/a-propos-de-nous\/\">Lire la suite &lsquo;<\/a><\/strong><\/p>\n<\/div><\/div>\n<\/div>\n\n\n\n<div class=\"wp-block-column is-layout-flow wp-block-column-is-layout-flow\"><\/div>\n<\/div>\n<\/div><\/div>\n<\/div>\n\n\n\n<section id=\"wp-block-themeisle-blocks-advanced-column-710f5571\" class=\"wp-block-themeisle-blocks-advanced-column\">\n<div class=\"wp-block-cover is-light\"><img decoding=\"async\" width=\"1000\" height=\"600\" class=\"wp-block-cover__image-background wp-image-659\" alt=\"\" src=\"https:\/\/brettyoung.ca\/wp-content\/uploads\/2020\/10\/CP_Homepage_Boxes_Careers.jpg\" style=\"object-position:50% 25%\" data-object-fit=\"cover\" data-object-position=\"50% 25%\" title=\"-\" srcset=\"https:\/\/brettyoung.ca\/wp-content\/uploads\/2020\/10\/CP_Homepage_Boxes_Careers.jpg 1000w, https:\/\/brettyoung.ca\/wp-content\/uploads\/2020\/10\/CP_Homepage_Boxes_Careers-300x180.jpg 300w, https:\/\/brettyoung.ca\/wp-content\/uploads\/2020\/10\/CP_Homepage_Boxes_Careers-768x461.jpg 768w, https:\/\/brettyoung.ca\/wp-content\/uploads\/2020\/10\/CP_Homepage_Boxes_Careers-600x360.jpg 600w\" sizes=\"(max-width: 1000px) 100vw, 1000px\" \/><span aria-hidden=\"true\" class=\"wp-block-cover__background has-background-dim-0 has-background-dim\"><\/span><div class=\"wp-block-cover__inner-container is-layout-flow wp-block-cover-is-layout-flow\">\n<div class=\"wp-block-columns is-layout-flex wp-container-core-columns-is-layout-9d6595d7 wp-block-columns-is-layout-flex\">\n<div class=\"wp-block-column is-layout-flow wp-block-column-is-layout-flow\">\n<div class=\"wp-block-group ticss-50f7b323 has-central-palette-2-background-color has-background\"><div class=\"wp-block-group__inner-container is-layout-constrained wp-block-group-is-layout-constrained\">\n<h3 class=\"wp-block-heading has-large-font-size\">Carri\u00e8res<\/h3>\n\n\n\n<p>Si vous \u00eates passionn\u00e9 par le service aux clients et que vous souhaitez faire partie d&rsquo;une entreprise internationale innovante, nous avons peut-\u00eatre une opportunit\u00e9 pour vous. BrettYoung soutient la croissance et le d\u00e9veloppement professionnels et offre une r\u00e9mun\u00e9ration et des avantages comp\u00e9titifs. BrettYoung est un employeur qui souscrit au principe de l&rsquo;\u00e9galit\u00e9 des chances.  <\/p>\n\n\n\n<p><strong><a href=\"https:\/\/brettyoung.ca\/careers\/\">Voir les opportunit\u00e9s &lsquo;<\/a><\/strong><\/p>\n<\/div><\/div>\n<\/div>\n\n\n\n<div class=\"wp-block-column is-layout-flow wp-block-column-is-layout-flow\"><\/div>\n<\/div>\n<\/div><\/div>\n<\/section>\n<\/div><\/div>\n\n\n\n<div class=\"wp-block-group entry-container ticss-1a75ab00\"><div class=\"wp-block-group__inner-container is-layout-constrained wp-block-group-is-layout-constrained\">\n<h1 class=\"wp-block-heading ticss-c3150b40\">Actualit\u00e9s<\/h1>\n\n\n\n<div class=\"wp-block-query is-layout-flow wp-block-query-is-layout-flow\"><ul class=\"wp-block-post-template is-layout-flow wp-block-post-template-is-layout-flow\"><li class=\"wp-block-post post-67386 post type-post status-publish format-standard has-post-thumbnail hentry category-gazon-professionnel-et-remise-en-etat category-nouvelles\">\n\n<div class=\"wp-block-columns alignwide ticss-0b14d85b is-layout-flex wp-container-core-columns-is-layout-9d6595d7 wp-block-columns-is-layout-flex\">\n<div class=\"wp-block-column is-layout-flow wp-block-column-is-layout-flow\" style=\"flex-basis:40%\"><figure style=\"aspect-ratio:auto;\" class=\"ticss-416a82c9 wp-block-post-featured-image\"><a href=\"https:\/\/brettyoung.ca\/fr\/annonce-du-marche-quebecois\/\" target=\"_self\"  ><img decoding=\"async\" width=\"1200\" height=\"630\" src=\"https:\/\/brettyoung.ca\/wp-content\/uploads\/2025\/10\/Facebook-Post.jpg\" class=\"attachment-post-thumbnail size-post-thumbnail wp-post-image\" alt=\"BrettYoung Annonce Son Expansion Strat\u00e9gique Au Qu\u00e9bec\" style=\"width:100%;height:100%;object-fit:cover;\" srcset=\"https:\/\/brettyoung.ca\/wp-content\/uploads\/2025\/10\/Facebook-Post.jpg 1200w, https:\/\/brettyoung.ca\/wp-content\/uploads\/2025\/10\/Facebook-Post-300x158.jpg 300w, https:\/\/brettyoung.ca\/wp-content\/uploads\/2025\/10\/Facebook-Post-600x315.jpg 600w, https:\/\/brettyoung.ca\/wp-content\/uploads\/2025\/10\/Facebook-Post-1024x538.jpg 1024w, https:\/\/brettyoung.ca\/wp-content\/uploads\/2025\/10\/Facebook-Post-768x403.jpg 768w\" sizes=\"(max-width: 1200px) 100vw, 1200px\" title=\"-\"><\/a><\/figure><\/div>\n\n\n\n<div class=\"wp-block-column ticss-3ca6c1c5 is-layout-flow wp-block-column-is-layout-flow\" style=\"flex-basis:60%\"><h2 style=\"font-size:24px;\" class=\"ticss-7b7e2430 wp-block-post-title\"><a href=\"https:\/\/brettyoung.ca\/fr\/annonce-du-marche-quebecois\/\" target=\"_self\" >BrettYoung Annonce Son Expansion Strat\u00e9gique Au Qu\u00e9bec<\/a><\/h2>\n\n<div class=\"taxonomy-category wp-block-post-terms has-text-color has-central-palette-8-color\"><a href=\"https:\/\/brettyoung.ca\/fr\/category\/gazon-professionnel-et-remise-en-etat\/\" rel=\"tag\">Gazon professionnel et remise en \u00e9tat<\/a><span class=\"wp-block-post-terms__separator\">, <\/span><a href=\"https:\/\/brettyoung.ca\/fr\/category\/nouvelles\/\" rel=\"tag\">Nouvelles<\/a><\/div>\n\n\n<div style=\"height:30px\" aria-hidden=\"true\" class=\"wp-block-spacer\"><\/div>\n\n\n<div class=\"wp-block-post-excerpt\"><p class=\"wp-block-post-excerpt__excerpt\">October 29, 2025 POUR DIFFUSION IMM\u00c9DIATE Afin de renforcer sa pr\u00e9sence nationale dans le secteur du gazon professionnel et de la r\u00e9clamation, BrettYoung est ravi<\/p><p class=\"wp-block-post-excerpt__more-text\"><a class=\"wp-block-post-excerpt__more-link\" href=\"https:\/\/brettyoung.ca\/fr\/annonce-du-marche-quebecois\/\">Lire la suite <a href=\"https:\/\/brettyoung.ca\/your-forage-establishment-our-guarantee\/\"> &lsquo;<\/a><\/a><\/p><\/div><\/div>\n<\/div>\n\n<\/li><li class=\"wp-block-post post-67300 post type-post status-publish format-standard has-post-thumbnail hentry category-nouvelles\">\n\n<div class=\"wp-block-columns alignwide ticss-0b14d85b is-layout-flex wp-container-core-columns-is-layout-9d6595d7 wp-block-columns-is-layout-flex\">\n<div class=\"wp-block-column is-layout-flow wp-block-column-is-layout-flow\" style=\"flex-basis:40%\"><figure style=\"aspect-ratio:auto;\" class=\"ticss-416a82c9 wp-block-post-featured-image\"><a href=\"https:\/\/brettyoung.ca\/fr\/brettyoung-annonce-larrivee-de-nouveaux-membres-au-sein-de-son-conseil-dadministration-2\/\" target=\"_self\"  ><img decoding=\"async\" width=\"1045\" height=\"1080\" src=\"https:\/\/brettyoung.ca\/wp-content\/uploads\/2025\/08\/Peter-Entz-scaled.jpg\" class=\"attachment-post-thumbnail size-post-thumbnail wp-post-image\" alt=\"BrettYoung annonce l&rsquo;arriv\u00e9e de nouveaux membres au sein de son conseil d&rsquo;administration\" style=\"width:100%;height:100%;object-fit:cover;\" srcset=\"https:\/\/brettyoung.ca\/wp-content\/uploads\/2025\/08\/Peter-Entz-scaled.jpg 1045w, https:\/\/brettyoung.ca\/wp-content\/uploads\/2025\/08\/Peter-Entz-scaled-300x310.jpg 300w, https:\/\/brettyoung.ca\/wp-content\/uploads\/2025\/08\/Peter-Entz-scaled-600x620.jpg 600w, https:\/\/brettyoung.ca\/wp-content\/uploads\/2025\/08\/Peter-Entz-290x300.jpg 290w, https:\/\/brettyoung.ca\/wp-content\/uploads\/2025\/08\/Peter-Entz-991x1024.jpg 991w, https:\/\/brettyoung.ca\/wp-content\/uploads\/2025\/08\/Peter-Entz-768x793.jpg 768w, https:\/\/brettyoung.ca\/wp-content\/uploads\/2025\/08\/Peter-Entz-1487x1536.jpg 1487w, https:\/\/brettyoung.ca\/wp-content\/uploads\/2025\/08\/Peter-Entz-1983x2048.jpg 1983w\" sizes=\"(max-width: 1045px) 100vw, 1045px\" title=\"-\"><\/a><\/figure><\/div>\n\n\n\n<div class=\"wp-block-column ticss-3ca6c1c5 is-layout-flow wp-block-column-is-layout-flow\" style=\"flex-basis:60%\"><h2 style=\"font-size:24px;\" class=\"ticss-7b7e2430 wp-block-post-title\"><a href=\"https:\/\/brettyoung.ca\/fr\/brettyoung-annonce-larrivee-de-nouveaux-membres-au-sein-de-son-conseil-dadministration-2\/\" target=\"_self\" >BrettYoung annonce l&rsquo;arriv\u00e9e de nouveaux membres au sein de son conseil d&rsquo;administration<\/a><\/h2>\n\n<div class=\"taxonomy-category wp-block-post-terms has-text-color has-central-palette-8-color\"><a href=\"https:\/\/brettyoung.ca\/fr\/category\/nouvelles\/\" rel=\"tag\">Nouvelles<\/a><\/div>\n\n\n<div style=\"height:30px\" aria-hidden=\"true\" class=\"wp-block-spacer\"><\/div>\n\n\n<div class=\"wp-block-post-excerpt\"><p class=\"wp-block-post-excerpt__excerpt\">POUR PUBLICATION IMM\u00c9DIATE 25 ao\u00fbt 2025 Winnipeg, MB &#8211; 25 ao\u00fbt 2025 &#8211; BrettYoung\u2122 est ravi d&rsquo;annoncer que Peter Entz se joindra \u00e0 son conseil<\/p><p class=\"wp-block-post-excerpt__more-text\"><a class=\"wp-block-post-excerpt__more-link\" href=\"https:\/\/brettyoung.ca\/fr\/brettyoung-annonce-larrivee-de-nouveaux-membres-au-sein-de-son-conseil-dadministration-2\/\">Lire la suite <a href=\"https:\/\/brettyoung.ca\/your-forage-establishment-our-guarantee\/\"> &lsquo;<\/a><\/a><\/p><\/div><\/div>\n<\/div>\n\n<\/li><li class=\"wp-block-post post-67301 post type-post status-publish format-standard has-post-thumbnail hentry category-nouvelles\">\n\n<div class=\"wp-block-columns alignwide ticss-0b14d85b is-layout-flex wp-container-core-columns-is-layout-9d6595d7 wp-block-columns-is-layout-flex\">\n<div class=\"wp-block-column is-layout-flow wp-block-column-is-layout-flow\" style=\"flex-basis:40%\"><figure style=\"aspect-ratio:auto;\" class=\"ticss-416a82c9 wp-block-post-featured-image\"><a href=\"https:\/\/brettyoung.ca\/fr\/la-fondation-kali-dyck-fait-un-don-de-50-000-dollars-pour-soutenir-lautisme\/\" target=\"_self\"  ><img decoding=\"async\" width=\"1440\" height=\"1080\" src=\"https:\/\/brettyoung.ca\/wp-content\/uploads\/2025\/01\/KaliDyck_Variety.jpg\" class=\"attachment-post-thumbnail size-post-thumbnail wp-post-image\" alt=\"La Fondation Kali Dyck fait un don de 50 000 dollars pour soutenir l&rsquo;autisme\" style=\"width:100%;height:100%;object-fit:cover;\" srcset=\"https:\/\/brettyoung.ca\/wp-content\/uploads\/2025\/01\/KaliDyck_Variety.jpg 1440w, https:\/\/brettyoung.ca\/wp-content\/uploads\/2025\/01\/KaliDyck_Variety-300x225.jpg 300w, https:\/\/brettyoung.ca\/wp-content\/uploads\/2025\/01\/KaliDyck_Variety-600x450.jpg 600w, https:\/\/brettyoung.ca\/wp-content\/uploads\/2025\/01\/KaliDyck_Variety-1024x768.jpg 1024w, https:\/\/brettyoung.ca\/wp-content\/uploads\/2025\/01\/KaliDyck_Variety-768x576.jpg 768w\" sizes=\"(max-width: 1440px) 100vw, 1440px\" title=\"-\"><\/a><\/figure><\/div>\n\n\n\n<div class=\"wp-block-column ticss-3ca6c1c5 is-layout-flow wp-block-column-is-layout-flow\" style=\"flex-basis:60%\"><h2 style=\"font-size:24px;\" class=\"ticss-7b7e2430 wp-block-post-title\"><a href=\"https:\/\/brettyoung.ca\/fr\/la-fondation-kali-dyck-fait-un-don-de-50-000-dollars-pour-soutenir-lautisme\/\" target=\"_self\" >La Fondation Kali Dyck fait un don de 50 000 dollars pour soutenir l&rsquo;autisme<\/a><\/h2>\n\n<div class=\"taxonomy-category wp-block-post-terms has-text-color has-central-palette-8-color\"><a href=\"https:\/\/brettyoung.ca\/fr\/category\/nouvelles\/\" rel=\"tag\">Nouvelles<\/a><\/div>\n\n\n<div style=\"height:30px\" aria-hidden=\"true\" class=\"wp-block-spacer\"><\/div>\n\n\n<div class=\"wp-block-post-excerpt\"><p class=\"wp-block-post-excerpt__excerpt\">La Fondation Kali Dyck aide Variety Manitoba \u00e0 r\u00e9pondre \u00e0 un besoin sous-financ\u00e9. Variety, the Children&rsquo;s Charity of Manitoba, est un organisme de bienfaisance enregistr\u00e9<\/p><p class=\"wp-block-post-excerpt__more-text\"><a class=\"wp-block-post-excerpt__more-link\" href=\"https:\/\/brettyoung.ca\/fr\/la-fondation-kali-dyck-fait-un-don-de-50-000-dollars-pour-soutenir-lautisme\/\">Lire la suite <a href=\"https:\/\/brettyoung.ca\/your-forage-establishment-our-guarantee\/\"> &lsquo;<\/a><\/a><\/p><\/div><\/div>\n<\/div>\n\n<\/li><\/ul><\/div>\n<\/div><\/div>\n","protected":false},"excerpt":{"rendered":"<p>Le plus grand semencier ind\u00e9pendant du Canada Gr\u00e2ce \u00e0 vous, BrettYoung a r\u00e9cemment obtenu le statut Platine dans le cadre du programme des soci\u00e9t\u00e9s les&hellip;<\/p>\n","protected":false},"author":23,"featured_media":0,"parent":0,"menu_order":0,"comment_status":"closed","ping_status":"closed","template":"","meta":{"_themeisle_gutenberg_block_has_review":false,"footnotes":""},"class_list":["post-64195","page","type-page","status-publish","hentry"],"_links":{"self":[{"href":"https:\/\/brettyoung.ca\/fr\/wp-json\/wp\/v2\/pages\/64195","targetHints":{"allow":["GET"]}}],"collection":[{"href":"https:\/\/brettyoung.ca\/fr\/wp-json\/wp\/v2\/pages"}],"about":[{"href":"https:\/\/brettyoung.ca\/fr\/wp-json\/wp\/v2\/types\/page"}],"author":[{"embeddable":true,"href":"https:\/\/brettyoung.ca\/fr\/wp-json\/wp\/v2\/users\/23"}],"replies":[{"embeddable":true,"href":"https:\/\/brettyoung.ca\/fr\/wp-json\/wp\/v2\/comments?post=64195"}],"version-history":[{"count":0,"href":"https:\/\/brettyoung.ca\/fr\/wp-json\/wp\/v2\/pages\/64195\/revisions"}],"wp:attachment":[{"href":"https:\/\/brettyoung.ca\/fr\/wp-json\/wp\/v2\/media?parent=64195"}],"curies":[{"name":"wp","href":"https:\/\/api.w.org\/{rel}","templated":true}]}}