{"id":61375,"date":"2023-11-23T13:12:02","date_gmt":"2023-11-23T19:12:02","guid":{"rendered":"https:\/\/brettyoung.ca\/portail-professionnel-du-gazon-et-de-lassainissement\/golf\/twca\/"},"modified":"2025-10-24T15:06:12","modified_gmt":"2025-10-24T20:06:12","slug":"twca","status":"publish","type":"page","link":"https:\/\/brettyoung.ca\/fr\/portail-professionnel-du-gazon-et-de-lassainissement\/golf\/twca\/","title":{"rendered":"TWCA"},"content":{"rendered":"\n<div id=\"wp-block-themeisle-blocks-advanced-columns-a1277c98\" class=\"wp-block-themeisle-blocks-advanced-columns has-1-columns has-desktop-equal-layout has-tablet-equal-layout has-mobile-equal-layout has-vertical-unset\"><div class=\"wp-block-themeisle-blocks-advanced-columns-overlay\"><\/div><div class=\"innerblocks-wrap\">\n<div id=\"wp-block-themeisle-blocks-advanced-column-e432fa06\" class=\"wp-block-themeisle-blocks-advanced-column\">\n<div style=\"height:24px\" aria-hidden=\"true\" class=\"wp-block-spacer\"><\/div>\n\n\n\n<div class=\"wp-block-buttons is-layout-flex wp-block-buttons-is-layout-flex\">\n<div class=\"wp-block-button\"><a class=\"wp-block-button__link has-central-palette-4-background-color has-background wp-element-button\" href=\"https:\/\/brettyoung.ca\/fr\/product-category\/gazon-professionnel-et-remise-en-etat-fr\/twca-fr-2\/\">Rechercher des produits TWCA<\/a><\/div>\n<\/div>\n\n\n\n<div style=\"height:36px\" aria-hidden=\"true\" class=\"wp-block-spacer\"><\/div>\n\n\n\n<div id=\"wp-block-themeisle-blocks-advanced-columns-4bafeffe\" class=\"wp-block-themeisle-blocks-advanced-columns has-1-columns has-desktop-equal-layout has-tablet-equal-layout has-mobile-equal-layout has-vertical-unset\"><div class=\"wp-block-themeisle-blocks-advanced-columns-overlay\"><\/div><div class=\"innerblocks-wrap\">\n<div id=\"wp-block-themeisle-blocks-advanced-column-019083bc\" class=\"wp-block-themeisle-blocks-advanced-column\">\n<h2 class=\"wp-block-heading\">Conservez l&rsquo;eau sans sacrifier la qualit\u00e9 du gazon<\/h2>\n\n\n\n<p>Nous reconnaissons que la conservation de l&rsquo;eau est une pr\u00e9occupation majeure pour nos clients. En tant que seul membre canadien de classe A de la TWCA, nous mettons sur le march\u00e9 des vari\u00e9t\u00e9s de gazon qui ont \u00e9t\u00e9 rigoureusement test\u00e9es pour r\u00e9pondre aux crit\u00e8res les plus stricts en mati\u00e8re d&rsquo;utilisation de l&rsquo;eau et de m\u00e9thodes de conservation.<\/p>\n\n\n\n<p>L&rsquo;objectif principal de la TWCA est de lutter contre le probl\u00e8me croissant de l&rsquo;\u00e9puisement des ressources en eau. La Turfgrass Water Conservation Alliance qualifie les gramin\u00e9es qui d\u00e9montrent un potentiel d&rsquo;\u00e9conomie d&rsquo;eau statistiquement significatif par rapport aux vari\u00e9t\u00e9s conventionnelles de la m\u00eame esp\u00e8ce.<\/p>\n<\/div>\n<\/div><\/div>\n\n\n\n<div id=\"wp-block-themeisle-blocks-advanced-columns-daeac48b\" class=\"wp-block-themeisle-blocks-advanced-columns has-2-columns has-desktop-oneTwo-layout has-tablet-equal-layout has-mobile-collapsedRows-layout has-vertical-unset\"><div class=\"wp-block-themeisle-blocks-advanced-columns-overlay\"><\/div><div class=\"innerblocks-wrap\">\n<div id=\"wp-block-themeisle-blocks-advanced-column-794c0589\" class=\"wp-block-themeisle-blocks-advanced-column\">\n<h3 class=\"wp-block-heading\"><strong>Recherchez le sceau<\/strong><\/h3>\n\n\n\n<p>Les produits TWCA sont les seuls gazons qualifi\u00e9s de mani\u00e8re ind\u00e9pendante qui permettent d&rsquo;\u00e9conomiser l&rsquo;eau sans sacrifier la qualit\u00e9 du gazon exig\u00e9e par les professionnels.<\/p>\n\n\n\n<p>Nous sommes les premiers \u00e0 mettre sur le march\u00e9 une g\u00e9n\u00e9tique de classe mondiale et \u00e0 nous assurer que nous r\u00e9pondons \u00e0 l&rsquo;\u00e9volution des besoins de nos clients. Nous sommes convaincus que notre partenariat avec la TWCA nous permettra de rester \u00e0 la pointe des d\u00e9veloppements technologiques dans le domaine de la s\u00e9lection v\u00e9g\u00e9tale. Ce partenariat garantira que nos produits offrent les meilleurs avantages en mati\u00e8re de conservation de l&rsquo;eau.<\/p>\n\n\n\n<p>Pour en savoir plus sur TWCA, contactez votre repr\u00e9sentant BrettYoung local ou visitez leur site web, <strong><a href=\"http:\/\/www.tgwca.org\/\" target=\"_blank\" rel=\"noopener noreferrer\">cliquez ici.<\/a><\/strong><\/p>\n<\/div>\n\n\n\n<div id=\"wp-block-themeisle-blocks-advanced-column-663f45c0\" class=\"wp-block-themeisle-blocks-advanced-column\"><div class=\"wp-block-image\">\n<figure class=\"aligncenter size-full\"><img decoding=\"async\" width=\"200\" height=\"200\" src=\"https:\/\/brettyoung.ca\/wp-content\/uploads\/2023\/03\/TWCA-logo.jpg\" alt=\"\" class=\"wp-image-37487\" title=\"-\" srcset=\"https:\/\/brettyoung.ca\/wp-content\/uploads\/2023\/03\/TWCA-logo.jpg 200w, https:\/\/brettyoung.ca\/wp-content\/uploads\/2023\/03\/TWCA-logo-175x175.jpg 175w, https:\/\/brettyoung.ca\/wp-content\/uploads\/2023\/03\/TWCA-logo-100x100.jpg 100w\" sizes=\"(max-width: 200px) 100vw, 200px\" \/><\/figure>\n<\/div><\/div>\n<\/div><\/div>\n<\/div>\n<\/div><\/div>\n","protected":false},"excerpt":{"rendered":"","protected":false},"author":23,"featured_media":0,"parent":61043,"menu_order":0,"comment_status":"closed","ping_status":"closed","template":"","meta":{"_themeisle_gutenberg_block_has_review":false,"footnotes":""},"class_list":["post-61375","page","type-page","status-publish","hentry"],"_links":{"self":[{"href":"https:\/\/brettyoung.ca\/fr\/wp-json\/wp\/v2\/pages\/61375","targetHints":{"allow":["GET"]}}],"collection":[{"href":"https:\/\/brettyoung.ca\/fr\/wp-json\/wp\/v2\/pages"}],"about":[{"href":"https:\/\/brettyoung.ca\/fr\/wp-json\/wp\/v2\/types\/page"}],"author":[{"embeddable":true,"href":"https:\/\/brettyoung.ca\/fr\/wp-json\/wp\/v2\/users\/23"}],"replies":[{"embeddable":true,"href":"https:\/\/brettyoung.ca\/fr\/wp-json\/wp\/v2\/comments?post=61375"}],"version-history":[{"count":0,"href":"https:\/\/brettyoung.ca\/fr\/wp-json\/wp\/v2\/pages\/61375\/revisions"}],"up":[{"embeddable":true,"href":"https:\/\/brettyoung.ca\/fr\/wp-json\/wp\/v2\/pages\/61043"}],"wp:attachment":[{"href":"https:\/\/brettyoung.ca\/fr\/wp-json\/wp\/v2\/media?parent=61375"}],"curies":[{"name":"wp","href":"https:\/\/api.w.org\/{rel}","templated":true}]}}