{"id":61313,"date":"2020-07-02T10:15:45","date_gmt":"2020-07-02T15:15:45","guid":{"rendered":"https:\/\/brettyoung.ca\/a-propos-de-nous\/"},"modified":"2025-07-08T10:24:25","modified_gmt":"2025-07-08T15:24:25","slug":"a-propos-de-nous","status":"publish","type":"page","link":"https:\/\/brettyoung.ca\/fr\/a-propos-de-nous\/","title":{"rendered":"A propos de nous"},"content":{"rendered":"<div class=\"gb-container gb-container-440b347c ticss-1d74a15e alignwide\">\n\n<div id=\"wp-block-themeisle-blocks-advanced-columns-d2f528cd\" class=\"wp-block-themeisle-blocks-advanced-columns has-1-columns has-desktop-equal-layout has-tablet-equal-layout has-mobile-equal-layout has-vertical-unset\"><div class=\"wp-block-themeisle-blocks-advanced-columns-overlay\"><\/div><div class=\"innerblocks-wrap\">\n<div id=\"wp-block-themeisle-blocks-advanced-column-83295b20\" class=\"wp-block-themeisle-blocks-advanced-column\">\n<h2 class=\"wp-block-heading\">Le plus grand semencier ind\u00e9pendant du Canada<\/h2>\n\n\n\n<p>BrettYoung est une entreprise agroalimentaire priv\u00e9e dont le si\u00e8ge social est situ\u00e9 \u00e0 Winnipeg (Manitoba), au Canada. Forte de ses 90 ans d\u2019histoire dans l\u2019agriculture, nous employons plus de 250 personnes dans quatre installations de transformation, d\u2019entreposage et de distribution au Canada.<\/p>\n\n\n\n<p>Dans plusieurs territoires de vente \u00e0 travers l\u2019Am\u00e9rique du Nord, nous servons des clients sur trois march\u00e9s distincts :<\/p>\n\n\n\n<p>\u2022 Semences agricoles et intrants de culture \u2013 nous offrons des solutions d\u2019intrants de culture aux agriculteurs canadiens et am\u00e9ricains, notamment pour le canola, les fourrages, le ma\u00efs, le soja et les produits agrobiologiques.<\/p>\n\n\n\n<p>\u2022 Fourrage commerce en gros et gazon \u2013 nous collaborons avec des producteurs pour produire des semences de fourrage et de gazon destin\u00e9es aux march\u00e9s domestiques et \u00e0 l\u2019exportation, desservant 40 pays \u00e0 travers le monde.<\/p>\n\n\n\n<p>\u2022 Gazon professionnel et r\u00e9clamation \u2013 nous fournissons une large gamme de produits et services, y compris des engrais, \u00e0 l\u2019industrie du gazon professionnel et de r\u00e9clamation dans l\u2019ouest du Canada et en Ontario.<\/p>\n<\/div>\n<\/div><\/div>\n\n<\/div>\n\n\n<div style=\"height:20px\" aria-hidden=\"true\" class=\"wp-block-spacer\"><\/div>\n\n\n<div class=\"gb-container gb-container-4a00955b ticss-1d74a15e\">\n\n<div id=\"wp-block-themeisle-blocks-advanced-columns-19238d74\" class=\"wp-block-themeisle-blocks-advanced-columns has-1-columns has-desktop-equal-layout has-tablet-equal-layout has-mobile-equal-layout has-vertical-unset\"><div class=\"wp-block-themeisle-blocks-advanced-columns-overlay\"><\/div><div class=\"innerblocks-wrap\">\n<div id=\"wp-block-themeisle-blocks-advanced-column-b476f988\" class=\"wp-block-themeisle-blocks-advanced-column\">\n<h3 class=\"wp-block-heading\">BrettYoung Accreditation<\/h3>\n\n\n\n<p>Seeds Canada offre des programmes d\u2019accr\u00e9ditation et de surveillance \u00a0pour l&rsquo;industrie des semences canadienne. Reconnue par l\u2019Agence canadienne d\u2019inspection des aliments (ACIA), \u00a0Seeds Canada a re\u00e7u le mandat d\u2019\u00eatre le point de contact unique pour tous les \u00e9tablissements de semences, les laboratoires de semences, les op\u00e9rateurs et les \u00a0\u00e9valuateurs qui cherchent \u00e0 obtenir un enregistrement, une licence ou une accr\u00e9ditation. BrettYoung poss\u00e8de les accr\u00e9ditations suivantes aupr\u00e8s de Seeds Canada et de l\u2019ACIA.<\/p>\n\n\n\n<div id=\"wp-block-themeisle-blocks-accordion-fbccf449\" class=\"wp-block-themeisle-blocks-accordion exclusive\">\n<details class=\"wp-block-themeisle-blocks-accordion-item\"><summary class=\"wp-block-themeisle-blocks-accordion-item__title\"><div>BrettYoung Accreditations<\/div><\/summary><div class=\"wp-block-themeisle-blocks-accordion-item__content\">\n<figure class=\"wp-block-table\"><table><thead><tr><th><strong>Localisation<\/strong><\/th><th><strong>Accr\u00e9ditation<\/strong><\/th><th><strong>Champ d&rsquo;application de l&rsquo;accr\u00e9ditation<\/strong><\/th><\/tr><\/thead><tbody><tr><td>BrettYoung &#8211; Rycroft, AB<\/td><td>1357<\/td><td>Conditionneur agr\u00e9\u00e9, installation de stockage en vrac<\/td><\/tr><tr><td>BrettYoung &#8211; Rycroft, AB<\/td><td>1357AE<\/td><td>Programme des exportateurs agr\u00e9\u00e9s<\/td><\/tr><tr><td>BrettYoung &#8211; Winnipeg, MB<\/td><td>0846-178<\/td><td>Conditionneur agr\u00e9\u00e9, installation de stockage en vrac, importateur agr\u00e9\u00e9<\/td><\/tr><tr><td>BrettYoung &#8211; Winnipeg, MB (Lab)<\/td><td>1063-LAB<\/td><td>Puret\u00e9, germination Types de cultures dans le grade Tableau I &#8211; XX<\/td><\/tr><tr><td>BrettYoung &#8211; Winnipeg, MB<\/td><td>0846AE<\/td><td>Programme des exportateurs agr\u00e9\u00e9s<\/td><\/tr><tr><td>BrettYoung &#8211; Winnipeg, MB<\/td><td>CGSP-120<\/td><td>Programme d&rsquo;\u00e9chantillonnage des c\u00e9r\u00e9ales canadiennes<\/td><\/tr><tr><td>BrettYoung &#8211; Calmar, AB<\/td><td>1394-137<\/td><td>Conditionneur agr\u00e9\u00e9, importateur agr\u00e9\u00e9<\/td><\/tr><\/tbody><\/table><\/figure>\n<\/div><\/details>\n<\/div>\n\n\n\n<h3 class=\"wp-block-heading\">BrettYoung Industry Memberships<\/h3>\n\n\n\n<p>BrettYoung reste impliqu\u00e9 dans les secteurs que nous servons. Nous sommes membres des organisations suivantes : <\/p>\n\n\n\n<div id=\"wp-block-themeisle-blocks-accordion-87e50ef8\" class=\"wp-block-themeisle-blocks-accordion exclusive\">\n<details class=\"wp-block-themeisle-blocks-accordion-item\"><summary class=\"wp-block-themeisle-blocks-accordion-item__title\"><div>BrettYoung Industry Memberships<\/div><\/summary><div class=\"wp-block-themeisle-blocks-accordion-item__content\">\n<ul class=\"wp-block-list\">\n<li><a href=\"https:\/\/albertaforages.ca\/\" target=\"_blank\" rel=\"noopener\">R\u00e9seau de l&rsquo;industrie fourrag\u00e8re de l&rsquo;Alberta<\/a><\/li>\n\n\n\n<li><a href=\"https:\/\/alfalfaseedab.com\/\" target=\"_blank\" rel=\"noopener\">Alfalfa Seed Commission of Alberta (Commission des semences de luzerne de l&rsquo;Alberta)<\/a><\/li>\n\n\n\n<li><a href=\"https:\/\/www.oldscollege.ca\/research\/areas-of-focus\/turfgrass\/alberta-turfgrass-research-foundation\/index.html\" target=\"_blank\" rel=\"noopener\">Fondation de recherche sur le gazon de l&rsquo;Alberta<\/a><\/li>\n\n\n\n<li><a href=\"https:\/\/www.betterseed.org\/\" target=\"_blank\" rel=\"noopener\">Association am\u00e9ricaine du commerce des semences<\/a><\/li>\n\n\n\n<li><a href=\"https:\/\/www.atlanticseed.org\/\" target=\"_blank\" rel=\"noopener\">Association des semences de l&rsquo;Atlantique<\/a><\/li>\n\n\n\n<li><a href=\"https:\/\/www.bcgsa.com\/\" target=\"_blank\" rel=\"noopener\">Association des surintendants de golf de la Colombie-Britannique<\/a><\/li>\n\n\n\n<li><a href=\"https:\/\/www.cama.org\/\" target=\"_blank\" rel=\"noopener\">Alliance canadienne des n\u00e9gociants en produits agroalimentaires<\/a><\/li>\n\n\n\n<li><a href=\"https:\/\/caar.org\/\" target=\"_blank\" rel=\"noopener\">Association canadienne des d\u00e9taillants agricoles<\/a><\/li>\n\n\n\n<li><a href=\"https:\/\/golfsupers.com\/\" target=\"_blank\" rel=\"noopener\">Association canadienne des surintendants de golf<\/a><\/li>\n\n\n\n<li><a href=\"https:\/\/www.clra.ca\/\" target=\"_blank\" rel=\"noopener\">Association canadienne pour la r\u00e9habilitation des terres<\/a><\/li>\n\n\n\n<li><a href=\"https:\/\/cnla.ca\/\" target=\"_blank\" rel=\"noopener\">Association canadienne des p\u00e9pini\u00e9ristes et des paysagistes<\/a><\/li>\n\n\n\n<li><a href=\"https:\/\/www.canolacouncil.org\/\" target=\"_blank\" rel=\"noopener\">Conseil canadien du canola<\/a><\/li>\n\n\n\n<li><a href=\"https:\/\/seedgrowers.ca\/\" target=\"_blank\" rel=\"noopener\">Association canadienne des producteurs de semences<\/a><\/li>\n\n\n\n<li><a href=\"https:\/\/www.eogsa.ca\/index.html\" target=\"_blank\" rel=\"noopener\">Association des surintendants des terrains de golf de l&rsquo;est de l&rsquo;Ontario<\/a><\/li>\n\n\n\n<li><a href=\"https:\/\/www.foothillsforage.com\/%20\" target=\"_blank\" rel=\"noopener\">Association des fourrages de Foothills<\/a><\/li>\n\n\n\n<li><a href=\"https:\/\/www.gcsaa.org\/\" target=\"_blank\" rel=\"noopener\">Golf Course Superintendents Association of America (Association des surintendants des terrains de golf d&rsquo;Am\u00e9rique)<\/a><\/li>\n\n\n\n<li><a href=\"https:\/\/www.glags.ca\/%20\" target=\"_blank\" rel=\"noopener\">Surintendants de golf du Grand Londres et de la r\u00e9gion (GLAGS)<\/a><\/li>\n\n\n\n<li><a href=\"https:\/\/www.itoda.org\/%20\" target=\"_blank\" rel=\"noopener\">Association des distributeurs ind\u00e9pendants de gazon et de plantes ornementales<\/a><\/li>\n\n\n\n<li>Soci\u00e9t\u00e9 des gardiens de la nature du Kent et de l&rsquo;Essex (KEGS)<\/li>\n\n\n\n<li><a href=\"https:\/\/www.landscape-alberta.com\/%20\" target=\"_blank\" rel=\"noopener\">Landscape Alberta Nursery Trades Association<\/a><\/li>\n\n\n\n<li><a href=\"https:\/\/www.forageseed.net\/\" target=\"_blank\" rel=\"noopener\">Association des semences fourrag\u00e8res du Manitoba<\/a><\/li>\n\n\n\n<li><a href=\"https:\/\/www.mgsa.mb.ca\/\" target=\"_blank\" rel=\"noopener\">Association des surintendants de golf du Manitoba<\/a><\/li>\n\n\n\n<li><a href=\"https:\/\/www.mgcsa.org\/%20\" target=\"_blank\" rel=\"noopener\">Association des surintendants des terrains de golf du Minnesota<\/a><\/li>\n\n\n\n<li><a href=\"https:\/\/www.ngcoa.ca\/%20\" target=\"_blank\" rel=\"noopener\">Association nationale des propri\u00e9taires de terrains de golf Canada<\/a><\/li>\n\n\n\n<li><a href=\"https:\/\/www.ntep.org\/\" target=\"_blank\" rel=\"noopener\">Programme national d&rsquo;\u00e9valuation du gazon<\/a><\/li>\n\n\n\n<li><a href=\"https:\/\/www.nstaannualmeeting.com\/%20\" target=\"_blank\" rel=\"noopener\">Association du commerce des semences du Nord<\/a><\/li>\n\n\n\n<li><a href=\"https:\/\/www.nsgao.com\/\" target=\"_blank\" rel=\"noopener\">Association des producteurs de gazon en p\u00e9pini\u00e8re de l&rsquo;Ontario<\/a><\/li>\n\n\n\n<li><a href=\"https:\/\/ogsa.ca\/%20\" target=\"_blank\" rel=\"noopener\">Association des surintendants de golf de l&rsquo;Ontario<\/a><\/li>\n\n\n\n<li><a href=\"https:\/\/ontarioparksassociation.wildapricot.org\/%20\" target=\"_blank\" rel=\"noopener\">Association des parcs de l&rsquo;Ontario<\/a><\/li>\n\n\n\n<li><a href=\"https:\/\/www.ovta.ca\/\" target=\"_blank\" rel=\"noopener\">Ottawa Valley Turfgrass Association<\/a><\/li>\n\n\n\n<li><a href=\"http:\/\/www.peaceforageseed.ca\/\" target=\"_blank\" rel=\"noopener\">Peace Region Forage Seed Association (Association des semences fourrag\u00e8res de la r\u00e9gion de la paix)<\/a><\/li>\n\n\n\n<li><a href=\"https:\/\/www.asgq.org\/en\/%20\" target=\"_blank\" rel=\"noopener\">Association des surintendants de golf du Qu\u00e9bec<\/a><\/li>\n\n\n\n<li><a href=\"https:\/\/www.saspa.com\/\" target=\"_blank\" rel=\"noopener\">Saskatchewan Leafcutters Association\/Saskatchewan Alfalfa Seed Producers Development Commission (Commission de d\u00e9veloppement des producteurs de semences de luzerne de la Saskatchewan)<\/a><\/li>\n\n\n\n<li><a href=\"https:\/\/www.saskturf.com\/\" target=\"_blank\" rel=\"noopener\">Association du gazon de la Saskatchewan<\/a><\/li>\n\n\n\n<li><a href=\"https:\/\/www.saskforage.ca\/%20\" target=\"_blank\" rel=\"noopener\">Conseil des fourrages de la Saskatchewan<\/a><\/li>\n\n\n\n<li><a href=\"https:\/\/www.saskforageseed.com\/%20\" target=\"_blank\" rel=\"noopener\">Commission de d\u00e9veloppement des semences fourrag\u00e8res de la Saskatchewan<\/a><\/li>\n\n\n\n<li><a href=\"https:\/\/www.secan.com\/%20\" target=\"_blank\" rel=\"noopener\">Association SeCan<\/a><\/li>\n\n\n\n<li><a href=\"https:\/\/seeds-canada.ca\/%20\" target=\"_blank\" rel=\"noopener\">Semences-Canada<\/a><\/li>\n\n\n\n<li><a href=\"https:\/\/www.sportsturfcanada.com\/\" target=\"_blank\" rel=\"noopener\">Association des gazons sportifs du Canada<\/a><\/li>\n\n\n\n<li><a href=\"https:\/\/www.syntheticturfcouncil.org\/?gclid=EAIaIQobChMIrN-_tpSL_QIV-g2tBh2K6A74EAAYASAAEgIDIfD_BwE\" target=\"_blank\" rel=\"noopener\">Conseil du gazon synth\u00e9tique<\/a><\/li>\n\n\n\n<li><a href=\"https:\/\/www.tgwca.org\/\" target=\"_blank\" rel=\"noopener\">Alliance pour la conservation de l&rsquo;eau dans les pelouses (Turfgrass Water Conservation Alliance)<\/a><\/li>\n\n\n\n<li><a href=\"https:\/\/www.wctaturf.com\/\" target=\"_blank\" rel=\"noopener\">Western Canada Turfgrass Association (Association du gazon de l&rsquo;Ouest canadien)<\/a><\/li>\n\n\n\n<li><a href=\"https:\/\/www.wogsa.ca\/\" target=\"_blank\" rel=\"noopener\">Association des surintendants de golf de l&rsquo;ouest de l&rsquo;Ontario<\/a><\/li>\n\n\n\n<li><a href=\"https:\/\/www.westernseed.org\/\" target=\"_blank\" rel=\"noopener\">Association des semences de l&rsquo;Ouest<\/a><\/li>\n<\/ul>\n<\/div><\/details>\n<\/div>\n<\/div>\n<\/div><\/div>\n\n<\/div>","protected":false},"excerpt":{"rendered":"","protected":false},"author":23,"featured_media":0,"parent":0,"menu_order":2,"comment_status":"closed","ping_status":"closed","template":"","meta":{"_themeisle_gutenberg_block_has_review":false,"footnotes":""},"class_list":["post-61313","page","type-page","status-publish","hentry"],"_links":{"self":[{"href":"https:\/\/brettyoung.ca\/fr\/wp-json\/wp\/v2\/pages\/61313","targetHints":{"allow":["GET"]}}],"collection":[{"href":"https:\/\/brettyoung.ca\/fr\/wp-json\/wp\/v2\/pages"}],"about":[{"href":"https:\/\/brettyoung.ca\/fr\/wp-json\/wp\/v2\/types\/page"}],"author":[{"embeddable":true,"href":"https:\/\/brettyoung.ca\/fr\/wp-json\/wp\/v2\/users\/23"}],"replies":[{"embeddable":true,"href":"https:\/\/brettyoung.ca\/fr\/wp-json\/wp\/v2\/comments?post=61313"}],"version-history":[{"count":0,"href":"https:\/\/brettyoung.ca\/fr\/wp-json\/wp\/v2\/pages\/61313\/revisions"}],"wp:attachment":[{"href":"https:\/\/brettyoung.ca\/fr\/wp-json\/wp\/v2\/media?parent=61313"}],"curies":[{"name":"wp","href":"https:\/\/api.w.org\/{rel}","templated":true}]}}